{"id":10,"date":"2016-02-07T20:34:06","date_gmt":"2016-02-07T20:34:06","guid":{"rendered":"http:\/\/achtsam-sorgsam.ch\/?page_id=10"},"modified":"2019-10-19T09:31:07","modified_gmt":"2019-10-19T09:31:07","slug":"angebot","status":"publish","type":"page","link":"https:\/\/achtsam-sorgsam.ch\/?page_id=10","title":{"rendered":"Kursangebot"},"content":{"rendered":"<div class=\"wpb-content-wrapper\">[vc_row][vc_column width=&#8220;1\/3&#8243;][vc_single_image image=&#8220;1057&#8243; img_size=&#8220;1000&#215;800&#8243; onclick=&#8220;custom_link&#8220; img_hover=&#8220;fade-out&#8220; link=&#8220;http:\/\/achtsam-sorgsam.ch\/?page_id=1045&#8243;][\/vc_column][vc_column width=&#8220;2\/3&#8243;][vc_column_text 0=&#8220;&#8220;]<span style=\"font-size: 21px\"><strong>MBPM &#8211;\u00a0Mindfulness-Based Pain Management<\/strong><\/span><span style=\"font-size: 21px\"><strong><br \/>\n<\/strong><\/span><span style=\"text-decoration: underline\">Neu in der Schweiz:<\/span>\u00a0 MBPM 8-Wochenkurs<br \/>\n<strong><br \/>\n&#8222;SICH FREI F\u00dcHLEN&#8220;<\/strong><br \/>\ntrotz Schmerz, Stress und Krankheit\u00a0<strong><br \/>\n<\/strong><a href=\"http:\/\/achtsam-sorgsam.ch\/?page_id=1045\">mehr<\/a><\/p>\n<p>&nbsp;[\/vc_column_text][\/vc_column][\/vc_row][vc_row 0=&#8220;&#8220;][vc_column 0=&#8220;&#8220;]<div class=\"vcex-spacing wpex-w-100 wpex-clear\"><\/div>[vc_text_separator title=&#8220;Grundlagen- und Aufbaukurse&#8220;][\/vc_column][\/vc_row][vc_row match_column_height=&#8220;yes&#8220; column_spacing=&#8220;20&#8243;][vc_column width=&#8220;1\/4&#8243;]<div class=\"vcex-module vcex-teaser wpex-flex wpex-flex-col\"><div class=\"vcex-teaser-media wpex-mb-20 wpex-image-hover fade-out\"><a href=\"http:\/\/achtsam-sorgsam.ch\/?page_id=98\" class=\"wpex-no-underline\"><img loading=\"lazy\" class=\"wpex-align-middle\" decoding=\"async\" src=\"https:\/\/achtsam-sorgsam.ch\/wp-content\/uploads\/2016\/02\/splashing-lemon-250x200.jpeg\" alt=\"\" width=\"250\" height=\"200\"><\/a><\/div><div class=\"vcex-teaser-content\"><h2 class=\"vcex-teaser-heading wpex-heading wpex-text-lg\"><a href=\"http:\/\/achtsam-sorgsam.ch\/?page_id=98\" class=\"wpex-no-underline\">MBSR<\/a><\/h2><div class=\"vcex-teaser-text wpex-mt-10 wpex-last-mb-0 wpex-clr\"><p style=\"text-align: justify\"><span style=\"font-size: 14px\"><strong>&#8222;ATMEST DU &#8211; JETZT ?&#8220;<\/strong><\/span><\/p>\n<p>Wir lernen stressvollen Situationen in einer neuen Haltung zu begegnen, indem wir achtsam, d.h. &#8222;auf eine bestimmte Art und Weise aufmerksam sind, n\u00e4mlich mit Absicht, im gegenw\u00e4rtigen Augen-blick und ohne zu werten&#8220; (JKZ) <a href=\"http:\/\/achtsam-sorgsam.ch\/?page_id=98\">mehr<\/a><\/p>\n<\/div><\/div><\/div>[\/vc_column][vc_column width=&#8220;1\/4&#8243;]<div class=\"vcex-module vcex-teaser wpex-flex wpex-flex-col\"><div class=\"vcex-teaser-media wpex-mb-20 wpex-image-hover fade-out\"><a href=\"http:\/\/achtsam-sorgsam.ch\/?page_id=102\" class=\"wpex-no-underline\"><img loading=\"lazy\" class=\"wpex-align-middle\" decoding=\"async\" src=\"https:\/\/achtsam-sorgsam.ch\/wp-content\/uploads\/2016\/02\/SUMMER_2015EBB_3111-e1456584528932-250x200.jpg\" alt=\"\" width=\"250\" height=\"200\"><\/a><\/div><div class=\"vcex-teaser-content\"><h2 class=\"vcex-teaser-heading wpex-heading wpex-text-lg\"><a href=\"http:\/\/achtsam-sorgsam.ch\/?page_id=102\" class=\"wpex-no-underline\">MBCT<\/a><\/h2><div class=\"vcex-teaser-text wpex-mt-10 wpex-last-mb-0 wpex-clr\"><p style=\"text-align: justify\"><strong><span style=\"font-size: 14px\">&#8222;TRAU NICHT ALLEM,<br \/>\nWAS DU DENKST !&#8220;<\/span><\/strong><br \/>\nWir lernen achtsam-keitsbasierte Interven-tionen als R\u00fcckfalls-pr\u00e4vention bei Depres-sion, negativen Selbst-gespr\u00e4chen, Zw\u00e4ngen und \u00c4ngsten kennen auf der Basis von Selbst-erfahrungs\u00fcbungen. <a href=\"http:\/\/achtsam-sorgsam.ch\/?page_id=102\">mehr<\/a><\/p>\n<\/div><\/div><\/div>[\/vc_column][vc_column width=&#8220;1\/4&#8243;]<div class=\"vcex-module vcex-teaser wpex-flex wpex-flex-col\"><div class=\"vcex-teaser-media wpex-mb-20 wpex-image-hover fade-out\"><a href=\"http:\/\/achtsam-sorgsam.ch\/?page_id=106\" class=\"wpex-no-underline\"><img loading=\"lazy\" class=\"wpex-align-middle\" decoding=\"async\" src=\"https:\/\/achtsam-sorgsam.ch\/wp-content\/uploads\/2016\/02\/eveningInThes-1-250x200.jpeg\" alt=\"\" width=\"250\" height=\"200\"><\/a><\/div><div class=\"vcex-teaser-content\"><h2 class=\"vcex-teaser-heading wpex-heading wpex-text-lg\"><a href=\"http:\/\/achtsam-sorgsam.ch\/?page_id=106\" class=\"wpex-no-underline\">MSC<\/a><\/h2><div class=\"vcex-teaser-text wpex-mt-10 wpex-last-mb-0 wpex-clr\"><p style=\"text-align: justify\"><strong><span style=\"font-size: 14px\">&#8222;BIST DU DEIN<\/span><\/strong><span style=\"font-size: 14px\">E<\/span><strong><span style=\"font-size: 14px\"> BEST<\/span><\/strong><span style=\"font-size: 14px\">E<\/span><strong><span style=\"font-size: 14px\">R FREUND<\/span><\/strong><span style=\"font-size: 14px\">IN<\/span><strong><span style=\"font-size: 14px\"> ?&#8220;<\/span><\/strong><br \/>\nWir lernen unsere Gaben und Talente wertzusch\u00e4tzen, unsere Defizite liebevoll zu umarmen und in leidvollen\u00a0Momenten f\u00fcr uns selbst so zu sorgen, wie wir es f\u00fcr einen geliebten Menschen tun w\u00fcrden. <a href=\"http:\/\/achtsam-sorgsam.ch\/?page_id=106\">mehr<\/a><\/p>\n<\/div><\/div><\/div>[\/vc_column][vc_column width=&#8220;1\/4&#8243;]<div class=\"vcex-module vcex-teaser wpex-flex wpex-flex-col\"><div class=\"vcex-teaser-media wpex-mb-20 wpex-image-hover fade-out\"><a href=\"http:\/\/achtsam-sorgsam.ch\/?page_id=104\" class=\"wpex-no-underline\"><img loading=\"lazy\" class=\"wpex-align-middle\" decoding=\"async\" src=\"https:\/\/achtsam-sorgsam.ch\/wp-content\/uploads\/2016\/02\/ElijasRegenbogen-e1455284445622-250x200.jpeg\" alt=\"\" width=\"250\" height=\"200\"><\/a><\/div><div class=\"vcex-teaser-content\"><h2 class=\"vcex-teaser-heading wpex-heading wpex-text-lg\"><a href=\"http:\/\/achtsam-sorgsam.ch\/?page_id=104\" class=\"wpex-no-underline\">MBCL<\/a><\/h2><div class=\"vcex-teaser-text wpex-mt-10 wpex-last-mb-0 wpex-clr\"><p style=\"text-align: justify\"><span style=\"font-size: 14px\"><strong>&#8222;EINE MUTIGE HALTUNG ENTWICKELN&#8220;<\/strong><\/span><br \/>\nWir lernen eigenes und fremdes Leiden zu lindern und zu verh\u00fcten. &#8222;Mitgef\u00fchl ist gewiss keine \u203aweiche\u2039 oder einfache Option, daf\u00fcr wirkt sich diese Praxis, nachgewiesenerweise, bemerkenswert auf unser seelisches Wohl-befinden aus.&#8220; <span style=\"font-size: 14px\">&#8211; Prof. Paul Gilbert<\/span>\u00a0<a href=\"http:\/\/achtsam-sorgsam.ch\/?page_id=104\">mehr<\/a><\/p>\n<\/div><\/div><\/div>[\/vc_column][\/vc_row][vc_row 0=&#8220;&#8220;][vc_column 0=&#8220;&#8220;]<div class=\"vcex-spacing wpex-w-100 wpex-clear\"><\/div>[vc_text_separator title=&#8220;Einsteigerkurse&#8220;][\/vc_column][\/vc_row][vc_row][vc_column width=&#8220;1\/4&#8243;]<div class=\"vcex-module vcex-teaser wpex-flex wpex-flex-col\"><div class=\"vcex-teaser-media wpex-mb-20 wpex-image-hover fade-out\"><a href=\"http:\/\/achtsam-sorgsam.ch\/?page_id=1048\" class=\"wpex-no-underline\"><img loading=\"lazy\" class=\"wpex-align-middle\" decoding=\"async\" src=\"https:\/\/achtsam-sorgsam.ch\/wp-content\/uploads\/2016\/02\/IMGL7851-250x200.jpg\" alt=\"\" width=\"250\" height=\"200\"><\/a><\/div><div class=\"vcex-teaser-content\"><h2 class=\"vcex-teaser-heading wpex-heading wpex-text-lg\"><a href=\"http:\/\/achtsam-sorgsam.ch\/?page_id=1048\" class=\"wpex-no-underline\">Meditieren Lernen<\/a><\/h2><div class=\"vcex-teaser-text wpex-mt-10 wpex-last-mb-0 wpex-clr\"><p><strong><span style=\"font-size: 14px\">&#8222;RUHE FINDEN<br \/>\nIM AUGE DES STURMS&#8220;<\/span><br \/>\n<\/strong>\u00a0Einf\u00fchrung in die Achtsamkeits Meditation. \u00a0<a href=\"http:\/\/achtsam-sorgsam.ch\/?page_id=1048\">mehr<\/a><\/p>\n<\/div><\/div><\/div>[\/vc_column][vc_column width=&#8220;1\/4&#8243;]<div class=\"vcex-module vcex-teaser wpex-flex wpex-flex-col\"><div class=\"vcex-teaser-media wpex-mb-20 wpex-image-hover fade-out\"><a href=\"http:\/\/achtsam-sorgsam.ch\/?page_id=1050\" class=\"wpex-no-underline\"><img loading=\"lazy\" class=\"wpex-align-middle\" decoding=\"async\" src=\"https:\/\/achtsam-sorgsam.ch\/wp-content\/uploads\/2016\/02\/italy-2014IMGL1703-250x200.jpg\" alt=\"\" width=\"250\" height=\"200\"><\/a><\/div><div class=\"vcex-teaser-content\"><h2 class=\"vcex-teaser-heading wpex-heading wpex-text-lg\"><a href=\"http:\/\/achtsam-sorgsam.ch\/?page_id=1050\" class=\"wpex-no-underline\">Mindful Movement<\/a><\/h2><div class=\"vcex-teaser-text wpex-mt-10 wpex-last-mb-0 wpex-clr\"><p style=\"text-align: justify\"><strong><span style=\"font-size: 14px\">&#8222;ACHTSAM<br \/>\nIM FLUSS SEIN&#8220;<\/span><br \/>\n<\/strong>Mit fliessenden, sanften Bewegungen aus dem &#8222;Breathworks&#8220;- und MBSR Programm lernen wir in Kontakt mit uns und unserem K\u00f6rper zu sein. \u00a0\u00a0<a href=\"http:\/\/achtsam-sorgsam.ch\/?page_id=1050\">mehr<\/a><\/p>\n<\/div><\/div><\/div>[\/vc_column][vc_column width=&#8220;1\/4&#8243;][\/vc_column][vc_column width=&#8220;1\/4&#8243;][\/vc_column][\/vc_row]\n<\/div>","protected":false},"excerpt":{"rendered":"<p>[vc_row][vc_column width=&#8220;1\/3&#8243;][vc_single_image image=&#8220;1057&#8243; img_size=&#8220;1000&#215;800&#8243; onclick=&#8220;custom_link&#8220; img_hover=&#8220;fade-out&#8220; link=&#8220;http:\/\/achtsam-sorgsam.ch\/?page_id=1045&#8243;][\/vc_column][vc_column width=&#8220;2\/3&#8243;][vc_column_text 0=&#8220;&#8220;]MBPM &#8211;\u00a0Mindfulness-Based Pain Management Neu in der Schweiz:\u00a0 MBPM 8-Wochenkurs &#8222;SICH FREI F\u00dcHLEN&#8220; trotz Schmerz, Stress und Krankheit\u00a0 mehr &nbsp;[\/vc_column_text][\/vc_column][\/vc_row][vc_row 0=&#8220;&#8220;][vc_column 0=&#8220;&#8220;][vc_text_separator title=&#8220;Grundlagen- und Aufbaukurse&#8220;][\/vc_column][\/vc_row][vc_row match_column_height=&#8220;yes&#8220; column_spacing=&#8220;20&#8243;][vc_column width=&#8220;1\/4&#8243;][\/vc_column][vc_column width=&#8220;1\/4&#8243;][\/vc_column][vc_column width=&#8220;1\/4&#8243;][\/vc_column][vc_column width=&#8220;1\/4&#8243;][\/vc_column][\/vc_row][vc_row 0=&#8220;&#8220;][vc_column 0=&#8220;&#8220;][vc_text_separator title=&#8220;Einsteigerkurse&#8220;][\/vc_column][\/vc_row][vc_row][vc_column width=&#8220;1\/4&#8243;][\/vc_column][vc_column width=&#8220;1\/4&#8243;][\/vc_column][vc_column width=&#8220;1\/4&#8243;][\/vc_column][vc_column width=&#8220;1\/4&#8243;][\/vc_column][\/vc_row]<\/p>\n","protected":false},"author":3,"featured_media":0,"parent":0,"menu_order":0,"comment_status":"closed","ping_status":"closed","template":"","meta":{"footnotes":""},"_links":{"self":[{"href":"https:\/\/achtsam-sorgsam.ch\/index.php?rest_route=\/wp\/v2\/pages\/10"}],"collection":[{"href":"https:\/\/achtsam-sorgsam.ch\/index.php?rest_route=\/wp\/v2\/pages"}],"about":[{"href":"https:\/\/achtsam-sorgsam.ch\/index.php?rest_route=\/wp\/v2\/types\/page"}],"author":[{"embeddable":true,"href":"https:\/\/achtsam-sorgsam.ch\/index.php?rest_route=\/wp\/v2\/users\/3"}],"replies":[{"embeddable":true,"href":"https:\/\/achtsam-sorgsam.ch\/index.php?rest_route=%2Fwp%2Fv2%2Fcomments&post=10"}],"version-history":[{"count":125,"href":"https:\/\/achtsam-sorgsam.ch\/index.php?rest_route=\/wp\/v2\/pages\/10\/revisions"}],"predecessor-version":[{"id":1594,"href":"https:\/\/achtsam-sorgsam.ch\/index.php?rest_route=\/wp\/v2\/pages\/10\/revisions\/1594"}],"wp:attachment":[{"href":"https:\/\/achtsam-sorgsam.ch\/index.php?rest_route=%2Fwp%2Fv2%2Fmedia&parent=10"}],"curies":[{"name":"wp","href":"https:\/\/api.w.org\/{rel}","templated":true}]}}