{"id":102,"date":"2016-02-08T09:29:04","date_gmt":"2016-02-08T09:29:04","guid":{"rendered":"http:\/\/achtsam-sorgsam.ch\/?page_id=102"},"modified":"2019-10-19T20:09:42","modified_gmt":"2019-10-19T20:09:42","slug":"mbct","status":"publish","type":"page","link":"https:\/\/achtsam-sorgsam.ch\/?page_id=102","title":{"rendered":"MBCT"},"content":{"rendered":"<div class=\"wpb-content-wrapper\">[vc_row 0=&#8220;&#8220;][vc_column css=&#8220;.vc_custom_1455024886114{margin-bottom: 70px !important;}&#8220;][vc_single_image image=&#8220;368&#8243; img_size=&#8220;752&#215;210&#8243; alignment=&#8220;center&#8220; css=&#8220;.vc_custom_1455665859697{margin-top: -30px !important;margin-right: -30px !important;margin-bottom: -30px !important;margin-left: -30px !important;}&#8220;][\/vc_column][\/vc_row][vc_row 0=&#8220;&#8220;][vc_column width=&#8220;3\/4&#8243;][vc_column_text 0=&#8220;&#8220;]\n<h1 style=\"text-align: justify\"><strong>MBCT &#8211; Mindfulness Based Cognitive Therapy for Depression<\/strong><\/h1>\n<p style=\"text-align: justify\"><strong>Worum es geht<\/strong><\/p>\n<p style=\"text-align: justify\">Die <strong>Achtsamkeitsbasierte<\/strong> <strong>Kognitive<\/strong> <strong>Therapie<\/strong> <strong>der<\/strong> <strong>Depression<\/strong> (MBCT) ist ein Training auf der Basis von Achtsamkeit, welches ein neuer Ansatz zur R\u00fcckfallprophylaxe von Depression entwickelt wurde, aber auch bei Stress, Besorgtheit, Angstst\u00f6rungen und Zw\u00e4ngen eingesetzt wird. Es handelt sich nicht um eine Therapie sondern um ein Geistesschulung zur F\u00f6rderung der Selbstwahrnehmung und Selbstverantwortung.<\/p>\n<p style=\"text-align: justify\">Mit der Kultivierung von Achtsamkeit lernen wir unseren \u201eAutopiloten\u201c, der uns in beengenden Zust\u00e4nden in eine Einbahnstrasse zwingt, zu befreien, damit wir emotional und mental statt nur noch zu reagieren aktiv und freudig aus unseren Ressourcen heraus handeln k\u00f6nnen.<\/p>\n<p style=\"text-align: justify\"><strong>Woher es kommt<\/strong><\/p>\n<p style=\"text-align: justify\">MBCT wurde gemeinsam von den Professoren Zindel Segal, John Teasdale und Mark Williams entwickelt, welche drei f\u00fchrende Vertreter der kognitiven Verhaltenstherapie sind. Sie verbinden Elemente aus der Mindfulness Based Stress Reduction (MBSR) von Jon Kabat-Zinn mit Elementen aus der Kognitiven Verhaltenstherapie. Wissenschaftliche Studien haben best\u00e4tigt, dass MBCT eine wirkungsvolle Methode ist, um das R\u00fcckfallrisiko bei Menschen, die schon eine oder mehrere depressive Phasen durchlebt haben, zu reduzieren.<\/p>\n<p style=\"text-align: justify\"><strong>Wozu es dient<\/strong><\/p>\n<p style=\"text-align: justify\">MBCT vermittelt die F\u00e4higkeit, Anzeichen eines R\u00fcckfalls in Depression und Angstzust\u00e4nden zu erkennen und aus den Mustern negativen Denkens und andauernden Gr\u00fcbelns auszusteigen. Durch das Trainieren und Kultivieren einer achtsamen Einstellung zu den eigenen Gedanken und Gef\u00fchlen, verbunden mit Meditationen und K\u00f6rper\u00fcbungen kann im Verlauf des Kurses nach und nach eine Kultur der Selbstf\u00fcrsorge entwickelt werden, verbunden mit einer freundlichen, akzeptierenden Einstellung zu sich selbst.<\/p>\n<p style=\"text-align: justify\"><strong>Was Sie erwartet<\/strong><\/p>\n<p>MBCT ist angelehnt an das MBSR-8-Wochen-Programm erg\u00e4nzt mit Elementen aus der kognitiven Verhaltenstherapie. Im Zentrum steht ein mentales Training in Form von \u00dcbungen, die nach und nach in das Leben integriert werden. Es werden Informationen \u00fcber Depression vermittelt, der Umgang mit Gedanken ge\u00fcbt und R\u00fcckfallpl\u00e4ne erarbeitet.<\/p>\n<p>Wir lernen durch die \u00dcbung von Achtsamkeit in Kontakt mit der direkten Erfahrung im Hier und Jetzt zu treten und unsere Stimmungen, Gedanken, Gef\u00fchle und K\u00f6rperempfindungen bewusst wahrzunehmen. So k\u00f6nnen Fr\u00fchwarnsymptome einer erneuten Depression erkannt und R\u00fcckf\u00e4lle vermieden oder reduziert werden.<\/p>\n<blockquote><p>Ring the bells that still can ring,<br \/>\nforget your perfect offering.<br \/>\nThere is a crack, a crack in everything,<br \/>\nthat&#8217;s how the light gets in.<\/p>\n<p style=\"text-align: right\"><em>Leonard Cohen<\/em><\/p>\n<\/blockquote>\n[\/vc_column_text][\/vc_column][vc_column width=&#8220;1\/4&#8243;]<div class=\"vcex-list_item vcex-module wpex-m-0 wpex-max-w-100 wpex-mb-5\"><a  href=\"https:\/\/www.neuroscience.ox.ac.uk\/research-directory\/mark-williams\" class=\"vcex-list-item-link wpex-no-underline\"><div class=\"vcex-list-item-inner wpex-inline-flex wpex-flex-no-wrap\"><div class=\"vcex-list-item-icon wpex-mr-10\"><div class=\"vcex-list-item-icon-inner vcex-icon-wrap wpex-inline-flex wpex-justify-center wpex-items-center wpex-leading-none wpex-child-inherit-color\"><span class=\"ticon ticon-external-link\" aria-hidden=\"true\"><\/span><\/div><\/div><div class=\"vcex-list-item-text vcex-content wpex-flex-grow\">Klinische Studien<\/div><\/div><\/a><\/div><div class=\"vcex-list_item vcex-module wpex-m-0 wpex-max-w-100 wpex-mb-5\"><a  href=\"https:\/\/themindfulbrain.net\/portfolio-item\/4492\/\" class=\"vcex-list-item-link wpex-no-underline\"><div class=\"vcex-list-item-inner wpex-inline-flex wpex-flex-no-wrap\"><div class=\"vcex-list-item-icon wpex-mr-10\"><div class=\"vcex-list-item-icon-inner vcex-icon-wrap wpex-inline-flex wpex-justify-center wpex-items-center wpex-leading-none wpex-child-inherit-color\"><span class=\"ticon ticon-external-link\" aria-hidden=\"true\"><\/span><\/div><\/div><div class=\"vcex-list-item-text vcex-content wpex-flex-grow\">MBCT Publications<\/div><\/div><\/a><\/div><div class=\"vcex-list_item vcex-module wpex-m-0 wpex-max-w-100 wpex-mb-5\"><a  href=\"https:\/\/www.youtube.com\/watch?v=ryXbiJLxEjY\" class=\"vcex-list-item-link wpex-no-underline\"><div class=\"vcex-list-item-inner wpex-inline-flex wpex-flex-no-wrap\"><div class=\"vcex-list-item-icon wpex-mr-10\"><div class=\"vcex-list-item-icon-inner vcex-icon-wrap wpex-inline-flex wpex-justify-center wpex-items-center wpex-leading-none wpex-child-inherit-color\"><span class=\"ticon ticon-film\" aria-hidden=\"true\"><\/span><\/div><\/div><div class=\"vcex-list-item-text vcex-content wpex-flex-grow\">Prof. Mark Williams on MBCT<\/div><\/div><\/a><\/div>[\/vc_column][\/vc_row]\n<\/div>","protected":false},"excerpt":{"rendered":"<p>[vc_row 0=&#8220;&#8220;][vc_column css=&#8220;.vc_custom_1455024886114{margin-bottom: 70px !important;}&#8220;][vc_single_image image=&#8220;368&#8243; img_size=&#8220;752&#215;210&#8243; alignment=&#8220;center&#8220; css=&#8220;.vc_custom_1455665859697{margin-top: -30px !important;margin-right: -30px !important;margin-bottom: -30px !important;margin-left: -30px !important;}&#8220;][\/vc_column][\/vc_row][vc_row 0=&#8220;&#8220;][vc_column width=&#8220;3\/4&#8243;][vc_column_text 0=&#8220;&#8220;] MBCT &#8211; Mindfulness Based Cognitive Therapy for Depression Worum es geht Die Achtsamkeitsbasierte Kognitive Therapie der Depression (MBCT) ist ein Training auf der Basis von Achtsamkeit, welches ein neuer Ansatz zur R\u00fcckfallprophylaxe von Depression entwickelt&hellip;<\/p>\n","protected":false},"author":3,"featured_media":0,"parent":10,"menu_order":0,"comment_status":"closed","ping_status":"closed","template":"","meta":{"footnotes":""},"_links":{"self":[{"href":"https:\/\/achtsam-sorgsam.ch\/index.php?rest_route=\/wp\/v2\/pages\/102"}],"collection":[{"href":"https:\/\/achtsam-sorgsam.ch\/index.php?rest_route=\/wp\/v2\/pages"}],"about":[{"href":"https:\/\/achtsam-sorgsam.ch\/index.php?rest_route=\/wp\/v2\/types\/page"}],"author":[{"embeddable":true,"href":"https:\/\/achtsam-sorgsam.ch\/index.php?rest_route=\/wp\/v2\/users\/3"}],"replies":[{"embeddable":true,"href":"https:\/\/achtsam-sorgsam.ch\/index.php?rest_route=%2Fwp%2Fv2%2Fcomments&post=102"}],"version-history":[{"count":34,"href":"https:\/\/achtsam-sorgsam.ch\/index.php?rest_route=\/wp\/v2\/pages\/102\/revisions"}],"predecessor-version":[{"id":1615,"href":"https:\/\/achtsam-sorgsam.ch\/index.php?rest_route=\/wp\/v2\/pages\/102\/revisions\/1615"}],"up":[{"embeddable":true,"href":"https:\/\/achtsam-sorgsam.ch\/index.php?rest_route=\/wp\/v2\/pages\/10"}],"wp:attachment":[{"href":"https:\/\/achtsam-sorgsam.ch\/index.php?rest_route=%2Fwp%2Fv2%2Fmedia&parent=102"}],"curies":[{"name":"wp","href":"https:\/\/api.w.org\/{rel}","templated":true}]}}