{"id":104,"date":"2016-02-08T09:29:24","date_gmt":"2016-02-08T09:29:24","guid":{"rendered":"http:\/\/achtsam-sorgsam.ch\/?page_id=104"},"modified":"2019-10-19T10:26:41","modified_gmt":"2019-10-19T10:26:41","slug":"mbcl","status":"publish","type":"page","link":"https:\/\/achtsam-sorgsam.ch\/?page_id=104","title":{"rendered":"MBCL"},"content":{"rendered":"<div class=\"wpb-content-wrapper\">[vc_row][vc_column css=&#8220;.vc_custom_1455024886114{margin-bottom: 70px !important;}&#8220;][vc_single_image image=&#8220;425&#8243; img_size=&#8220;752&#215;210&#8243; alignment=&#8220;center&#8220; css=&#8220;.vc_custom_1455665964614{margin-top: -30px !important;margin-right: -30px !important;margin-bottom: -30px !important;margin-left: -30px !important;}&#8220;][\/vc_column][\/vc_row][vc_row][vc_column width=&#8220;3\/4&#8243;][vc_column_text]\n<h1 style=\"text-align: justify\">MBCL &#8211; Mindfulness Based Compassioned Living<\/h1>\n<p style=\"text-align: justify\">MBCL steht f\u00fcr <strong>Mitf\u00fchlend<\/strong> <strong>leben &#8211;<\/strong>\u00a0<strong>mit<\/strong> <strong>Selbst<\/strong>&#8211;<strong>Mitgef\u00fchl<\/strong> <strong>und<\/strong> <strong>Achtsamkeit<\/strong> <strong>die<\/strong> <strong>seelische<\/strong> <strong>Gesundheit<\/strong> <strong>st\u00e4rken<\/strong>.<\/p>\n<p><strong>Worum es geht<\/strong><\/p>\n<p>Mit der Kultivierung von Achtsamkeit lernen wir dem Leben so zu begegnen, wie es sich von Moment zu Moment entfaltet. Wir entwickeln mehr und mehr Weisheit und Einsicht in die Funktion des Geistes und die Natur der Wirklichkeit.<\/p>\n<p style=\"text-align: justify\">Das Leben konfrontiert uns jedoch auch mit viel Schwierigem und Schmerzlichem sowohl auf k\u00f6rperlicher, emotionaler und psychischer Ebene, als auch in Zusammenhang mit zwischenmenschlichen Beziehungen. Wie k\u00f6nnen wir diesem Leiden auf eine gesunde Art und Weise begegnen?<\/p>\n<p style=\"text-align: justify\">Mitgef\u00fchl ist die F\u00e4higkeit, am Schmerz und dem Leiden von uns selbst und anderen Anteil zu nehmen. Diese F\u00e4higkeit ist von dem Wunsch begleitet, Schmerzen und Leiden zu erleichtern und von der Bereitschaft, die eigene Verantwortung daran zu erkennen.<\/p>\n<p style=\"text-align: justify\">W\u00e4hrend im MBSR und MBCT das \u00dcben der Herzensseite der Achtsamkeit eher implizit vermittelt wird, wird es im weiterf\u00fchrenden MBCL-Training explizit behandelt. Die Begriffe Achtsamkeit und Herzensbewusstsein bringen zum Ausdruck, dass unser Bewusstsein sowohl aus einem wachen Geist als auch einem mitf\u00fchlenden Herzen besteht.<\/p>\n<p style=\"text-align: justify\">Mitgef\u00fchl ist ein menschliches Potenzial, das in jedem Menschen vorhanden ist, sich aus unterschiedlichen Gr\u00fcnden aber nicht immer voll entfalten kann. Die F\u00e4higkeit dazu kann jedoch durch regelm\u00e4\u00dfiges \u00dcben entwickelt und vertieft werden. W\u00e4hrend Mitleid vor allem mit Angst und Sentimentalit\u00e4t verbunden ist, erfordert Mitgef\u00fchl Mut und Grossz\u00fcgigkeit.\u201c<\/p>\n<p style=\"text-align: justify\">Mitgef\u00fchl zeichnet sich durch Mut und Gro\u00dfz\u00fcgigkeit aus. Die F\u00e4higkeit zu Selbstmitgef\u00fchl ist keine egoistische Aktivit\u00e4t. Sie hilft uns vielmehr dabei, eine gesunde Beziehung mit uns selbst zu entwickeln und f\u00fchrt damit zu einer gr\u00f6\u00dferen Empathie und Offenheit anderen Menschen gegen\u00fcber.<\/p>\n<p style=\"text-align: justify\">MBCL ist eine achtsamkeitszentrierte Methode in Form eines 8-w\u00f6chigen Kurses, der die Entwicklung und die Erfahrung von Mitgef\u00fchl und damit die psychische und physische Gesundheit f\u00f6rdert. Es unterst\u00fctzt die Teilnehmenden darin, eine freundliche und mitf\u00fchlende Haltung sich selbst und anderen gegen\u00fcber zu entwickeln.<\/p>\n<p style=\"text-align: justify\"><strong>Woher es kommt<\/strong><\/p>\n<p style=\"text-align: justify\">Dieses 8-Wochenprogramm wurde entwickelt durch Erik van den Brink und Frits Koster. Es basiert auf der Grundlage 2.5-Tausend-alter buddhistischer Mitgef\u00fchls- und Achtsamkeitspraxis und neuester wissenschaftlicher Erkenntnissen. So auf den Arbeiten im Bereich der (Selbst-)Mitgef\u00fchls-Forschung u.a. von Paul Gilbert (2005, 2010, 2011), Christopher Germer (2010), Kristin Neff (2012) und Rick Hanson (2010) und auf der wissenschaftlichen Grundlage der Achtsamkeitsforschung und deren klinischen Anwendung u.a. in Form von Mindfulness Based Stressreduction (MBSR) MBSR von Jon Kabat-Zinn und des darauf aufgebaute Traing des Mindfullness Basel Cognitiv Therapy for Depression (MBCT) von Zindel Segal, Mark Williams und John Teasdale.<\/p>\n<p style=\"text-align: justify\">Eric van den Brink ist Psychiater und Psychotherapeut mit mehr als 25 Jahren Erfahrung. Er ist Mitbegr\u00fcnder des Zentrums f\u00fcr Integrative Psychiatrie in Groningen\/Niederlande und Arbeitet auch im Bereich der Psychoonkologie. Er ist Trainer f\u00fcr Achtsamkeits- und Mitgef\u00fchlspraxis, ausgebildet von f\u00fchrenden MBSR- und MBCT-Lehrern. Er verf\u00fcgt \u00fcber eine langj\u00e4hrige pers\u00f6nliche Meditationspraxis in Zen und Vipassana.<\/p>\n<p style=\"text-align: justify\">Frits Koster ist Meditationslehrer und unterrichtet Achtsamkeits- und Mitgef\u00fchlspraxis in Meditationszentren und psychiatrischen Einrichtungen in den Niederlanden und anderen europ\u00e4ischen L\u00e4ndern. Er lebte sechs Jahre als buddhistischer M\u00f6nch in Kl\u00f6stern in Thailand und Burma, hat eine \u00fcber 35-j\u00e4hrige Meditationspraxis. Studium der buddhistischen Psychologie in Wat Mahandhatu, einer der gr\u00f6ssten buddhistischen Universit\u00e4ten. Autor mehrerer B\u00fccher im Bereich von Achtsamkeit und Buddhismus.<\/p>\n<p style=\"text-align: justify\">Eric van den Brink und Frits Koster haben gemeinsam den 8-w\u00f6chigen achtsamkeitsbasierten Kurs in Mitgef\u00fchlspraxis entwickelt und bildet europaweit MBCL &#8211; Lehrer aus. Sie sind die Autoren des Buches \u201eMitf\u00fchlend Leben\u201c.<\/p>\n<p style=\"text-align: justify\"><strong>Wozu es dient<\/strong><\/p>\n<p style=\"text-align: justify\">Selbst-Mitgef\u00fchl f\u00f6rdert die psychische und physische Gesundheit. Es f\u00fchrt zu mehr Geborgenheit, Sicherheit, Akzeptanz und Verbundenheit mit sich selber und anderen. Ein wichtiger Schwerpunkt dieses Programms liegt im Umgang mit schwierigen Gef\u00fchlen und herausfordernden Lebenssituationen. Es findet Anwendung bei Depressionen \u00c4ngsten, k\u00f6rperlichen Erkrankungen, chronischem Schmerz und traumatischen Erfahrungen.<\/p>\n<p style=\"text-align: justify\">Eine stetig wachsende Anzahl von Studien belegen, dass (Selbst-)Mitgef\u00fchl positiven Einfluss hat auf:<\/p>\n<ul style=\"text-align: justify\">\n<li>psychisches Wohlbefinden und Zufriedenheit<\/li>\n<li>Achtsamkeit, emotionale Intelligenz und positive Emotionen<\/li>\n<li>Respekt gegen\u00fcber sich selber und eine freundliche Haltung gegen\u00fcber unseren eigenen Schw\u00e4chen und Defiziten<\/li>\n<li>Umgang mit schwierigen Lebenssituationen, wie akademischer Misserfolg und traumatischen Erfahrungen<\/li>\n<li>sich weniger davor zu f\u00fcrchten Fehler zu machen oder zur\u00fcckgewiesen zu werden<\/li>\n<li>mehr soziale Verbundenheit<\/li>\n<li>st\u00e4rkeres Immunsystem, sich ges\u00fcnder zu ern\u00e4hren und weniger zu rauchen.<\/li>\n<\/ul>\n<p style=\"text-align: justify\"><strong>F\u00fcr wen es sich eignet<\/strong><\/p>\n<p style=\"text-align: justify\">MBCL ist ein Vertiefungskurs f\u00fcr Menschen, die bereits Erfahrung in der Achtsamkeitspraxis in Form eines MBSR- oder MBCT-Kurses haben.<\/p>\n<p style=\"text-align: justify\">Es eignet sich f\u00fcr Menschen, die ihre Achtsamkeitspraxis erg\u00e4nzen und vertiefen m\u00f6chten und auch f\u00fcr Menschen, f\u00fcr die das MBSR\/MBCT-Modul kein ausreichendes Fundament bot, um Achtsamkeit und Milde in ihr Leben zu integrieren und\/oder persistierend unter Selbstverurteilung und Scham leiden.<\/p>\n<p style=\"text-align: justify\">Es eignet sich f\u00fcr Menschen mit chronischen k\u00f6rperlichen Erkrankungen und Beschwerden (wie z.B. Schmerzen) und kann auch f\u00fcr Menschen mit chronischen psychischen Leiden hifreich sein, wie Pers\u00f6nlichkeitsst\u00f6rungen oder einer Vorgeschichte von Depressionen, Angst, Zwang oder Sucht, welche aktuell aber in Remission und stabilem Zustand sind.<\/p>\n<p style=\"text-align: justify\">MBCL ist ein psychoedukatives Trainingprogramm und keine Therapie. Es ersetzt keine ev. notwendige psychiatrische oder medizinische Behandlung. Bei Menschen mit psychiatrischen Grunderkrankungen soll die Teilnahme dieses Kurses mit dem Therapeuten besprochen und die psychiatrische Begleitung fortgesetzt werden.<\/p>\n<p style=\"text-align: justify\">Nicht geeignet ist dieses Programm f\u00fcr Menschen, die an einer akuten psychischen Erkrankung leiden, wie z.B. Depression und Selbstmordgef\u00e4hrdung, Manie, posttraumatischen Belastungsst\u00f6rungen, Dissoziation, Psychose, Suchterkrankung.<\/p>\n<p style=\"text-align: justify\"><strong>Was sie erwartet <\/strong><\/p>\n<p style=\"text-align: justify\">In diesem MBCL- Achtwochenprogramm lernen sie Mitgef\u00fchl und Selbstmitgef\u00fchl zu entwickeln und erfahren. Es wird vermittelt mit erfahrungsbasierten \u00dcbungen und es werden M\u00f6glichkeiten erarbeitet, die Qualit\u00e4t des Mitgef\u00fchls im Alltag zu verankern. Ausserdem wird der theoretische Hintergrund von Selbst-Mitgef\u00fchl vermittelt, so die wissenschaftlichen Grundlagen des Mitgef\u00fchlstraings und dessen theoretische Hintergr\u00fcnde der westlichen und buddhistischen Psychologie.<\/p>\n<p style=\"text-align: justify\">Text in Anlehnung an Ausz\u00fcge aus dem Buch \u201eMitf\u00fchlend Leben\u201c von Erik van den Brink und Frits Koster, Institut f\u00fcr Achtsamkeit Deutschland&#8230;..<\/p>\n<p style=\"text-align: justify\">Inhalte<\/p>\n<ul>\n<li style=\"text-align: justify\">Validierung von Schmerzen und Leiden<\/li>\n<li style=\"text-align: justify\">Struktur des menschlichen Gehirns und die Bedeutung von Mitgef\u00fchl f\u00fcr unser Wohlbefinden und \u00dcberleben<\/li>\n<li style=\"text-align: justify\">Grundhaltung der Arbeit mit Mitgef\u00fchls-fokussierten Methoden<\/li>\n<li style=\"text-align: justify\">Indikationen und Kontraindikationen der MBCL-Arbeit<\/li>\n<li style=\"text-align: justify\">Hintergr\u00fcnde der drei grundlegenden emotionalen Regulationssysteme<\/li>\n<li style=\"text-align: justify\">Einfluss mentaler Konzepte auf das emotionale Regulationssystem und Regulierungsm\u00f6glichkeiten durch die Erweckung von Mitgef\u00fchl<\/li>\n<li style=\"text-align: justify\">Erforschung psychologischer Ausdrucksformen von Kampf, Flucht und Erstarrung als Selbsthass, Selbstisolation und Anpassungsbereitschaft sowie deren Gegenmittel Selbst-Mitgef\u00fchl, Mitmenschlichkeit und respektive Achtsamkeit.<\/li>\n<li style=\"text-align: justify\">Entwicklung von Mitgef\u00fchl als Weg, der auf F\u00fcrsorge, Befreiung vom Leiden, Empathie und Verst\u00e4ndnis f\u00fcr das Leiden anderer basiert.<\/li>\n<li style=\"text-align: justify\">Die Kultivierung der vier grenzenlosen Qualit\u00e4ten: Mitgef\u00fchl, liebende G\u00fcte, Freude und Gelassenheit.<\/li>\n<\/ul>\n<blockquote><p>Wenn die Sonnenstrahlen der liebevollen G\u00fcte auf die Tr\u00e4nen des Leidens treffen entsteht ein Regenbogen des Mitgef\u00fchls.<\/p>\n<p>&#8211;<span style=\"font-size: small\">Zitat eines burmesischen M\u00f6nchs<\/span><\/p><\/blockquote>\n[\/vc_column_text][\/vc_column][vc_column width=&#8220;1\/4&#8243;]<div class=\"vcex-list_item vcex-module wpex-m-0 wpex-max-w-100 wpex-mb-5\"><a  href=\"https:\/\/scholar.google.ch\/scholar?hl=de&#038;as_sdt=0%2C5&#038;as_vis=1&#038;q=MBCL+klinische+studien&#038;btnG=\" class=\"vcex-list-item-link wpex-no-underline\"><div class=\"vcex-list-item-inner wpex-inline-flex wpex-flex-no-wrap\"><div class=\"vcex-list-item-icon wpex-mr-10\"><div class=\"vcex-list-item-icon-inner vcex-icon-wrap wpex-inline-flex wpex-justify-center wpex-items-center wpex-leading-none wpex-child-inherit-color\"><span class=\"ticon ticon-external-link\" aria-hidden=\"true\"><\/span><\/div><\/div><div class=\"vcex-list-item-text vcex-content wpex-flex-grow\">Klinische Studien<\/div><\/div><\/a><\/div><div class=\"vcex-list_item vcex-module wpex-m-0 wpex-max-w-100 wpex-mb-5\"><a  href=\"https:\/\/www.youtube.com\/watch?v=0RB1SfwOAwU\" class=\"vcex-list-item-link wpex-no-underline\"><div class=\"vcex-list-item-inner wpex-inline-flex wpex-flex-no-wrap\"><div class=\"vcex-list-item-icon wpex-mr-10\"><div class=\"vcex-list-item-icon-inner vcex-icon-wrap wpex-inline-flex wpex-justify-center wpex-items-center wpex-leading-none wpex-child-inherit-color\"><span class=\"ticon ticon-film\" aria-hidden=\"true\"><\/span><\/div><\/div><div class=\"vcex-list-item-text vcex-content wpex-flex-grow\">Das Gl\u00fcck als Lebenskunst &#8211; Interview mit Matthieu Ricard bei Skobel. <\/div><\/div><\/a><\/div><div class=\"vcex-list_item vcex-module wpex-m-0 wpex-max-w-100 wpex-mb-5\"><a  href=\"https:\/\/www.youtube.com\/watch?v=CGlHR9hcb5A\" class=\"vcex-list-item-link wpex-no-underline\"><div class=\"vcex-list-item-inner wpex-inline-flex wpex-flex-no-wrap\"><div class=\"vcex-list-item-icon wpex-mr-10\"><div class=\"vcex-list-item-icon-inner vcex-icon-wrap wpex-inline-flex wpex-justify-center wpex-items-center wpex-leading-none wpex-child-inherit-color\"><span class=\"ticon ticon-film\" aria-hidden=\"true\"><\/span><\/div><\/div><div class=\"vcex-list-item-text vcex-content wpex-flex-grow\">Matthieu Ricard &#8211; vom Wissenschaftler zum buddhistischen M\u00f6nch <\/div><\/div><\/a><\/div><div class=\"vcex-list_item vcex-module wpex-m-0 wpex-max-w-100 wpex-mb-5\"><a  href=\"http:\/\/achtsam-sorgsam.ch\/wp-content\/uploads\/2016\/12\/Mitgef\u00fchl-mit-sich-selbst.pdf\" class=\"vcex-list-item-link wpex-no-underline\"><div class=\"vcex-list-item-inner wpex-inline-flex wpex-flex-no-wrap\"><div class=\"vcex-list-item-icon wpex-mr-10\"><div class=\"vcex-list-item-icon-inner vcex-icon-wrap wpex-inline-flex wpex-justify-center wpex-items-center wpex-leading-none wpex-child-inherit-color\"><span class=\"ticon ticon-file-text\" aria-hidden=\"true\"><\/span><\/div><\/div><div class=\"vcex-list-item-text vcex-content wpex-flex-grow\">Mitgef\u00fchl mit sich selbst<\/div><\/div><\/a><\/div><div class=\"vcex-list_item vcex-module wpex-m-0 wpex-max-w-100 wpex-mb-5\"><a  href=\"https:\/\/www.youtube.com\/watch?v=QG4Z185MBJE\" class=\"vcex-list-item-link wpex-no-underline\"><div class=\"vcex-list-item-inner wpex-inline-flex wpex-flex-no-wrap\"><div class=\"vcex-list-item-icon wpex-mr-10\"><div class=\"vcex-list-item-icon-inner vcex-icon-wrap wpex-inline-flex wpex-justify-center wpex-items-center wpex-leading-none wpex-child-inherit-color\"><span class=\"ticon ticon-film\" aria-hidden=\"true\"><\/span><\/div><\/div><div class=\"vcex-list-item-text vcex-content wpex-flex-grow\">Wut, Mitgef\u00fchl und was es heisst stark zu sein &#8211; Russell Kolts, Professor der Psychologe, Washington University<\/div><\/div><\/a><\/div>[\/vc_column][\/vc_row]\n<\/div>","protected":false},"excerpt":{"rendered":"<p>[vc_row][vc_column css=&#8220;.vc_custom_1455024886114{margin-bottom: 70px !important;}&#8220;][vc_single_image image=&#8220;425&#8243; img_size=&#8220;752&#215;210&#8243; alignment=&#8220;center&#8220; css=&#8220;.vc_custom_1455665964614{margin-top: -30px !important;margin-right: -30px !important;margin-bottom: -30px !important;margin-left: -30px !important;}&#8220;][\/vc_column][\/vc_row][vc_row][vc_column width=&#8220;3\/4&#8243;][vc_column_text] MBCL &#8211; Mindfulness Based Compassioned Living MBCL steht f\u00fcr Mitf\u00fchlend leben &#8211;\u00a0mit Selbst&#8211;Mitgef\u00fchl und Achtsamkeit die seelische Gesundheit st\u00e4rken. Worum es geht Mit der Kultivierung von Achtsamkeit lernen wir dem Leben so zu begegnen, wie es sich von&hellip;<\/p>\n","protected":false},"author":3,"featured_media":0,"parent":10,"menu_order":0,"comment_status":"closed","ping_status":"closed","template":"","meta":{"footnotes":""},"_links":{"self":[{"href":"https:\/\/achtsam-sorgsam.ch\/index.php?rest_route=\/wp\/v2\/pages\/104"}],"collection":[{"href":"https:\/\/achtsam-sorgsam.ch\/index.php?rest_route=\/wp\/v2\/pages"}],"about":[{"href":"https:\/\/achtsam-sorgsam.ch\/index.php?rest_route=\/wp\/v2\/types\/page"}],"author":[{"embeddable":true,"href":"https:\/\/achtsam-sorgsam.ch\/index.php?rest_route=\/wp\/v2\/users\/3"}],"replies":[{"embeddable":true,"href":"https:\/\/achtsam-sorgsam.ch\/index.php?rest_route=%2Fwp%2Fv2%2Fcomments&post=104"}],"version-history":[{"count":32,"href":"https:\/\/achtsam-sorgsam.ch\/index.php?rest_route=\/wp\/v2\/pages\/104\/revisions"}],"predecessor-version":[{"id":1608,"href":"https:\/\/achtsam-sorgsam.ch\/index.php?rest_route=\/wp\/v2\/pages\/104\/revisions\/1608"}],"up":[{"embeddable":true,"href":"https:\/\/achtsam-sorgsam.ch\/index.php?rest_route=\/wp\/v2\/pages\/10"}],"wp:attachment":[{"href":"https:\/\/achtsam-sorgsam.ch\/index.php?rest_route=%2Fwp%2Fv2%2Fmedia&parent=104"}],"curies":[{"name":"wp","href":"https:\/\/api.w.org\/{rel}","templated":true}]}}