{"id":1045,"date":"2017-10-15T13:06:35","date_gmt":"2017-10-15T13:06:35","guid":{"rendered":"http:\/\/achtsam-sorgsam.ch\/?page_id=1045"},"modified":"2019-10-19T10:43:59","modified_gmt":"2019-10-19T10:43:59","slug":"mindfulness-for-health","status":"publish","type":"page","link":"https:\/\/achtsam-sorgsam.ch\/?page_id=1045","title":{"rendered":"&#8222;Breathworks&#8220; &#8211; Mindfulness for health"},"content":{"rendered":"<div class=\"wpb-content-wrapper\">[vc_row 0=&#8220;&#8220;][vc_column css=&#8220;.vc_custom_1455024886114{margin-bottom: 70px !important;}&#8220;][vc_single_image image=&#8220;1070&#8243; img_size=&#8220;752&#215;210&#8243; alignment=&#8220;center&#8220; css=&#8220;.vc_custom_1508074470401{margin-top: -30px !important;margin-right: -30px !important;margin-bottom: -30px !important;margin-left: -30px !important;}&#8220;][\/vc_column][\/vc_row][vc_row 0=&#8220;&#8220;][vc_column width=&#8220;3\/4&#8243;][vc_column_text 0=&#8220;&#8220;]\n<h1 class=\"page-header-title wpex-clr\">MBPM &#8211; &#8222;Mindfulness-Based Pain Management&#8220;<\/h1>\n<h1 class=\"page-header-title wpex-clr\"><span style=\"font-size: 16px\">&#8222;SICH FREI F\u00dcHLEN, TROTZ SCHMERZ, STRESS UND KRANKHEIT &#8222;<\/span><\/h1>\n<h3 class=\"page-header-title wpex-clr\"><span style=\"font-size: 16px\"><span style=\"font-size: 14px\">\u00a0<\/span>\u00a0<\/span><\/h3>\n<p style=\"text-align: justify\"><em>NEU<\/em> in der Schweiz: <strong>MBPM<\/strong>\u00a0<strong>8-Wochen<\/strong>\u00a0<strong>Kurs\u00a0<\/strong><\/p>\n<p style=\"text-align: justify\">Sie lernen einen achtsamen, weisen und mitf\u00fchlenden \u00a0Umgang in stressvollen Lebensumst\u00e4nden &#8211; jeglicher Ursache \u2013 zu finden sowie Freundlichkeit und Selbstf\u00fcrsorge f\u00fcr sich selbst zu entfalten. Dieses umfassende <a href=\"https:\/\/www.breathworks-mindfulness.org.uk\/foundation\">\u201eBREATHWORKS&#8220; <\/a>Achtsamkeitsprogramm ist entstanden und entwickelt worden von <a href=\"https:\/\/www.youtube.com\/watch?v=kmAZRST0oI0\"><strong>Vidyamala Burch<\/strong> <\/a>aus der pers\u00f6nlichen Erfahrung mit chronischen Schmerzen, den daraus entstandenen Herausforderungen von k\u00f6rperlichem und emotionalem Leid und dem tiefen Wunsch, den Menschen zu helfen, ihr Leben zur\u00fcckzugewinnen.<\/p>\n<p style=\"text-align: justify\">[\/vc_column_text][\/vc_column][vc_column width=&#8220;1\/4&#8243;][\/vc_column][\/vc_row]\n<\/div>","protected":false},"excerpt":{"rendered":"<p>[vc_row 0=&#8220;&#8220;][vc_column css=&#8220;.vc_custom_1455024886114{margin-bottom: 70px !important;}&#8220;][vc_single_image image=&#8220;1070&#8243; img_size=&#8220;752&#215;210&#8243; alignment=&#8220;center&#8220; css=&#8220;.vc_custom_1508074470401{margin-top: -30px !important;margin-right: -30px !important;margin-bottom: -30px !important;margin-left: -30px !important;}&#8220;][\/vc_column][\/vc_row][vc_row 0=&#8220;&#8220;][vc_column width=&#8220;3\/4&#8243;][vc_column_text 0=&#8220;&#8220;] MBPM &#8211; &#8222;Mindfulness-Based Pain Management&#8220; &#8222;SICH FREI F\u00dcHLEN, TROTZ SCHMERZ, STRESS UND KRANKHEIT &#8222; \u00a0\u00a0 NEU in der Schweiz: MBPM\u00a08-Wochen\u00a0Kurs\u00a0 Sie lernen einen achtsamen, weisen und mitf\u00fchlenden \u00a0Umgang in stressvollen Lebensumst\u00e4nden &#8211; jeglicher Ursache \u2013&hellip;<\/p>\n","protected":false},"author":3,"featured_media":0,"parent":10,"menu_order":0,"comment_status":"closed","ping_status":"closed","template":"","meta":{"footnotes":""},"_links":{"self":[{"href":"https:\/\/achtsam-sorgsam.ch\/index.php?rest_route=\/wp\/v2\/pages\/1045"}],"collection":[{"href":"https:\/\/achtsam-sorgsam.ch\/index.php?rest_route=\/wp\/v2\/pages"}],"about":[{"href":"https:\/\/achtsam-sorgsam.ch\/index.php?rest_route=\/wp\/v2\/types\/page"}],"author":[{"embeddable":true,"href":"https:\/\/achtsam-sorgsam.ch\/index.php?rest_route=\/wp\/v2\/users\/3"}],"replies":[{"embeddable":true,"href":"https:\/\/achtsam-sorgsam.ch\/index.php?rest_route=%2Fwp%2Fv2%2Fcomments&post=1045"}],"version-history":[{"count":32,"href":"https:\/\/achtsam-sorgsam.ch\/index.php?rest_route=\/wp\/v2\/pages\/1045\/revisions"}],"predecessor-version":[{"id":1611,"href":"https:\/\/achtsam-sorgsam.ch\/index.php?rest_route=\/wp\/v2\/pages\/1045\/revisions\/1611"}],"up":[{"embeddable":true,"href":"https:\/\/achtsam-sorgsam.ch\/index.php?rest_route=\/wp\/v2\/pages\/10"}],"wp:attachment":[{"href":"https:\/\/achtsam-sorgsam.ch\/index.php?rest_route=%2Fwp%2Fv2%2Fmedia&parent=1045"}],"curies":[{"name":"wp","href":"https:\/\/api.w.org\/{rel}","templated":true}]}}