{"id":116,"date":"2016-02-08T10:03:26","date_gmt":"2016-02-08T10:03:26","guid":{"rendered":"http:\/\/achtsam-sorgsam.ch\/?page_id=116"},"modified":"2023-09-06T09:44:33","modified_gmt":"2023-09-06T09:44:33","slug":"impressum","status":"publish","type":"page","link":"https:\/\/achtsam-sorgsam.ch\/?page_id=116","title":{"rendered":"Impressum"},"content":{"rendered":"<div class=\"wpb-content-wrapper\">[vc_row 0=&#8220;&#8220;][vc_column 0=&#8220;&#8220;][vc_column_text 0=&#8220;&#8220;]<strong>Webseite:<\/strong> \u00a9 2016 &#8211; 2023 by achtsam-sorgsam.ch<\/p>\n<p><strong>Fotos:<\/strong><\/p>\n<ul>\n<li><a href=\"https:\/\/jeremybishopphotography.com\">Jeremy Bishop<\/a><\/li>\n<li>Elias B\u00f6tticher<\/li>\n<li><a href=\"http:\/\/achtsam-sorgsam.ch\/?page_id=16\">C\u00e9line M. Br\u00fcni<\/a><\/li>\n<li><a href=\"http:\/\/www.erondu.com\">Jared Erondu<\/a><\/li>\n<\/ul>\n[\/vc_column_text][\/vc_column][\/vc_row]\n<\/div>","protected":false},"excerpt":{"rendered":"<p>[vc_row 0=&#8220;&#8220;][vc_column 0=&#8220;&#8220;][vc_column_text 0=&#8220;&#8220;]Webseite: \u00a9 2016 &#8211; 2023 by achtsam-sorgsam.ch Fotos: Jeremy Bishop Elias B\u00f6tticher C\u00e9line M. Br\u00fcni Jared Erondu [\/vc_column_text][\/vc_column][\/vc_row]<\/p>\n","protected":false},"author":3,"featured_media":0,"parent":0,"menu_order":0,"comment_status":"closed","ping_status":"closed","template":"","meta":{"footnotes":""},"_links":{"self":[{"href":"https:\/\/achtsam-sorgsam.ch\/index.php?rest_route=\/wp\/v2\/pages\/116"}],"collection":[{"href":"https:\/\/achtsam-sorgsam.ch\/index.php?rest_route=\/wp\/v2\/pages"}],"about":[{"href":"https:\/\/achtsam-sorgsam.ch\/index.php?rest_route=\/wp\/v2\/types\/page"}],"author":[{"embeddable":true,"href":"https:\/\/achtsam-sorgsam.ch\/index.php?rest_route=\/wp\/v2\/users\/3"}],"replies":[{"embeddable":true,"href":"https:\/\/achtsam-sorgsam.ch\/index.php?rest_route=%2Fwp%2Fv2%2Fcomments&post=116"}],"version-history":[{"count":12,"href":"https:\/\/achtsam-sorgsam.ch\/index.php?rest_route=\/wp\/v2\/pages\/116\/revisions"}],"predecessor-version":[{"id":1950,"href":"https:\/\/achtsam-sorgsam.ch\/index.php?rest_route=\/wp\/v2\/pages\/116\/revisions\/1950"}],"wp:attachment":[{"href":"https:\/\/achtsam-sorgsam.ch\/index.php?rest_route=%2Fwp%2Fv2%2Fmedia&parent=116"}],"curies":[{"name":"wp","href":"https:\/\/api.w.org\/{rel}","templated":true}]}}