{"id":118,"date":"2016-02-08T10:05:05","date_gmt":"2016-02-08T10:05:05","guid":{"rendered":"http:\/\/achtsam-sorgsam.ch\/?page_id=118"},"modified":"2018-12-10T11:08:57","modified_gmt":"2018-12-10T11:08:57","slug":"interner-bereich","status":"publish","type":"page","link":"https:\/\/achtsam-sorgsam.ch\/?page_id=118","title":{"rendered":"Login f\u00fcr Kursteilnehmer"},"content":{"rendered":"<div class=\"wpb-content-wrapper\">[vc_row][vc_column width=&#8220;1\/2&#8243;]<div class=\"vcex-login-form vcex-module wpex-clr wpex-bordered\"><form name=\"vcex-loginform\" id=\"vcex-loginform\" action=\"https:\/\/achtsam-sorgsam.ch\/wp-login.php\" method=\"post\"><p class=\"login-username\">\n\t\t\t\t<label for=\"user_login\">Benutzername<\/label>\n\t\t\t\t<input type=\"text\" name=\"log\" id=\"user_login\" autocomplete=\"username\" class=\"input\" value=\"\" size=\"20\" \/>\n\t\t\t<\/p><p class=\"login-password\">\n\t\t\t\t<label for=\"user_pass\">Passwort<\/label>\n\t\t\t\t<input type=\"password\" name=\"pwd\" id=\"user_pass\" autocomplete=\"current-password\" spellcheck=\"false\" class=\"input\" value=\"\" size=\"20\" \/>\n\t\t\t<\/p><p class=\"login-remember\"><label><input name=\"rememberme\" type=\"checkbox\" id=\"rememberme\" value=\"forever\" \/> Login speichern<\/label><\/p><p class=\"login-submit\">\n\t\t\t\t<input type=\"submit\" name=\"wp-submit\" id=\"wp-submit\" class=\"button button-primary\" value=\"Anmelden\" \/>\n\t\t\t\t<input type=\"hidden\" name=\"redirect_to\" value=\"http:\/\/achtsam-sorgsam.ch\/?page_id=216\" \/>\n\t\t\t<\/p><\/form><div class=\"vcex-login-form-nav wpex-clr\"><a href=\"https:\/\/achtsam-sorgsam.ch\/wp-login.php?action=lostpassword&#038;redirect_to=https%3A%2F%2Fachtsam-sorgsam.ch%2F%3Fpage_id%3D118\" class=\"vcex-login-form-lost\">Passwort vergessen?<\/a><\/div><\/div>[\/vc_column][vc_column width=&#8220;1\/2&#8243; showfor=&#8220;logged_in&#8220;][vc_column_text showfor=&#8220;not_logged_in&#8220;]F\u00fcr einige unserer Kurse stellen wir unseren Kursteilnehmerinnen und -teilnehmern zus\u00e4tzliche Dokumente und Dateien zur Verf\u00fcgung.<\/p>\n<p>Falls Sie noch keinen Zugang erhalten haben, wenden Sie sich bitte an Ihren Kursleiter.[\/vc_column_text]<div class=\"vc_custom_1491838599360 wpex-clr\"><a href=\"http:\/\/achtsam-sorgsam.ch\/?page_id=216\" class=\"vcex-button theme-button inline\"><span class=\"vcex-button-inner theme-button-inner\">Zum Internen Bereich<\/span><\/a><\/div> <div class=\"vc_custom_1491838606245 wpex-clr\"><a href=\"http:\/\/achtsam-sorgsam.ch\/wp-login.php?action=logout\" class=\"vcex-button theme-button inline\"><span class=\"vcex-button-inner theme-button-inner\">Abmelden<\/span><\/a><\/div> [\/vc_column][\/vc_row]\n<\/div>","protected":false},"excerpt":{"rendered":"<p>[vc_row][vc_column width=&#8220;1\/2&#8243;][\/vc_column][vc_column width=&#8220;1\/2&#8243; showfor=&#8220;logged_in&#8220;][vc_column_text showfor=&#8220;not_logged_in&#8220;]F\u00fcr einige unserer Kurse stellen wir unseren Kursteilnehmerinnen und -teilnehmern zus\u00e4tzliche Dokumente und Dateien zur Verf\u00fcgung. Falls Sie noch keinen Zugang erhalten haben, wenden Sie sich bitte an Ihren Kursleiter.[\/vc_column_text][\/vc_column][\/vc_row]<\/p>\n","protected":false},"author":3,"featured_media":0,"parent":0,"menu_order":0,"comment_status":"closed","ping_status":"closed","template":"","meta":{"footnotes":""},"_links":{"self":[{"href":"https:\/\/achtsam-sorgsam.ch\/index.php?rest_route=\/wp\/v2\/pages\/118"}],"collection":[{"href":"https:\/\/achtsam-sorgsam.ch\/index.php?rest_route=\/wp\/v2\/pages"}],"about":[{"href":"https:\/\/achtsam-sorgsam.ch\/index.php?rest_route=\/wp\/v2\/types\/page"}],"author":[{"embeddable":true,"href":"https:\/\/achtsam-sorgsam.ch\/index.php?rest_route=\/wp\/v2\/users\/3"}],"replies":[{"embeddable":true,"href":"https:\/\/achtsam-sorgsam.ch\/index.php?rest_route=%2Fwp%2Fv2%2Fcomments&post=118"}],"version-history":[{"count":19,"href":"https:\/\/achtsam-sorgsam.ch\/index.php?rest_route=\/wp\/v2\/pages\/118\/revisions"}],"predecessor-version":[{"id":1392,"href":"https:\/\/achtsam-sorgsam.ch\/index.php?rest_route=\/wp\/v2\/pages\/118\/revisions\/1392"}],"wp:attachment":[{"href":"https:\/\/achtsam-sorgsam.ch\/index.php?rest_route=%2Fwp%2Fv2%2Fmedia&parent=118"}],"curies":[{"name":"wp","href":"https:\/\/api.w.org\/{rel}","templated":true}]}}