{"id":153,"date":"2016-02-08T11:09:46","date_gmt":"2016-02-08T11:09:46","guid":{"rendered":"http:\/\/achtsam-sorgsam.ch\/?page_id=153"},"modified":"2024-04-10T11:45:35","modified_gmt":"2024-04-10T11:45:35","slug":"aktuelle-kursangebote","status":"publish","type":"page","link":"https:\/\/achtsam-sorgsam.ch\/?page_id=153","title":{"rendered":"Kursdaten &#038; Anmeldung"},"content":{"rendered":"<div class=\"wpb-content-wrapper\">[vc_row][vc_column][vc_single_image image=&#8220;429&#8243; img_size=&#8220;752&#215;210&#8243; alignment=&#8220;center&#8220; css=&#8220;.vc_custom_1455660295812{margin-top: -30px !important;margin-right: -30px !important;margin-left: -30px !important;}&#8220;][\/vc_column][\/vc_row][vc_row][vc_column width=&#8220;7\/12&#8243;]<div class=\"vcex-heading vcex-heading-plain vcex-module wpex-heading wpex-text-2xl vc_custom_1456583202620\"><span class=\"vcex-heading-inner wpex-inline-block\">Aktuelle Kurse<\/span><\/div>[vc_column_text]\n<h2><span style=\"color: #ff9900;\"><strong>AUSZEIT BIS DEZEMBER 2024<\/strong><\/span><\/h2>\n<p><span style=\"color: #ff9900;\">NACH 38JAHREN PRAXIST\u00c4TIGKEIT ERLAUBE ICH MIR EINE AUSZEIT.<\/span><\/p>\n<p><span style=\"color: #ff9900;\">MIT NEUEM ELAN WERDE ICH VORAUSSICHTLICH \u00a0IM 1. HALBJAHR 2025 MEINE <strong>KURST\u00c4TIGKEIT<\/strong> WIEDER AUFNEHMEN.<\/span><br \/>\n<span style=\"color: #ff9900;\">ICH FREUE MICH AUF IHRE KURSANFRAGE UND DANKE IHNEN F\u00dcR IHRE TREUE.<\/span><br \/>\n<span style=\"color: #ff9900;\">DIE PRIORIT\u00c4TENLISTE DES KURSANGEBOTS WERDE ICH GEM\u00c4SS IHREN ANFRAGEN GESTALTEN.<\/span><\/p>\n<p><strong><span style=\"color: #ff9900;\">F\u00dcR EINZELCOACHING BLEIBT DIE PRAXIS \u00a0IN IN DIESER ZEIT GE\u00d6FFNET.<\/span><\/strong><\/p>\n<p><span style=\"color: #ff9900;\"><span style=\"caret-color: #ff9900;\">MIT GUTEN W\u00dcNSCHEN<\/span><\/span><br \/>\n<span style=\"color: #ff9900;\">MONICA E. BRUENI<\/span><\/p>\n<h2>&#8222;Zur Ruhe kommen im Auge des Sturms&#8220;<br \/>\n<span style=\"font-size: 14px;\">Ein 6-Wochen Achtsamkeitskurs\u00a0&#8211; Grundlangen f\u00fcr Anf\u00e4nger*Innen und Fortgeschrittene &#8211;<\/span><span style=\"font-size: 16px;\">\u00a0<\/span><span style=\"font-size: 12px;\"><span style=\"font-size: 24px;\"><span style=\"font-size: 14px;\">Eintauchen \u2013 Anwenden \u2013 Vertiefen<\/span><\/span><\/span><\/h2>\n<ul>\n<li><span style=\"font-size: 16px;\"><span style=\"text-decoration: underline;\">Kursbeginn:<\/span><a href=\"http:\/\/achtsam-sorgsam.ch\/wp-content\/uploads\/2020\/09\/10_20-Ruhe-im-Auge-des-Sturms-Flyer.pdf\">\u00a0<\/a><span style=\"color: #ff9900;\"><strong><a style=\"color: #ff9900;\" href=\"http:\/\/achtsam-sorgsam.ch\/wp-content\/uploads\/2020\/09\/10_20-Ruhe-im-Auge-des-Sturms-Flyer.pdf\">Kurs 1: <\/a><\/strong><\/span>Dienstagabend <span style=\"text-decoration: underline;\">auf Anfrage<\/span><br \/>\n<span style=\"text-decoration: underline;\">Kurszeit:<\/span> 18:30h-20:00h \/\u00a06 x 1,5 Stunden\u00a0<\/span><\/li>\n<li><span style=\"font-size: 16px;\"><span style=\"text-decoration: underline;\">Kursbeginn:<\/span>\u00a0<span style=\"color: #ff9900;\"><strong><a style=\"color: #ff9900;\" href=\"http:\/\/achtsam-sorgsam.ch\/wp-content\/uploads\/2020\/09\/10_20-Ruhe-im-Auge-des-Sturms-Flyer.pdf\">Kurs 2: <\/a><\/strong><\/span>Samstagmorgen <span style=\"text-decoration: underline;\">auf Anfrage<\/span><br \/>\n<span style=\"text-decoration: underline;\">Kurszeit:<\/span> 09:00-10:30h \/ 6 x 1,5 Stunden<br \/>\n<span style=\"text-decoration: underline;\">Kursort:<\/span>\u00a0 gem\u00fctlich bei Dir zu Hause \u2013 online bei uns im Zoom Raum<strong><br \/>\n<\/strong><\/span><\/li>\n<li><a href=\"http:\/\/achtsam-sorgsam.ch\/?p=666\">Anmeldung<\/a><\/li>\n<\/ul>\n<h2>MSC &#8211; &#8222;Achtsames Selbst-Mitgef\u00fchl&#8220;.<strong><br \/>\n<\/strong><span style=\"font-size: 14px;\">8-Wochen Training zur Stressbew\u00e4ltigung &amp; Selbstf\u00fcrsorge<\/span><\/h2>\n<ul>\n<li><span style=\"font-size: 16px;\"><span style=\"color: #ff9900;\"><strong>Kurs 1<\/strong><\/span> &#8222;MSC&#8220;<strong>:<\/strong><span style=\"text-decoration: underline;\"><br \/>\nKursbeginn<\/span>: Montag, 8 x <span style=\"text-decoration: underline;\">auf Anfrage<\/span><strong>\u00a0<\/strong><strong><br \/>\n<\/strong><span style=\"text-decoration: underline;\">Kurszeit<\/span>: von 18.30h &#8211; 21:45h<\/span><br \/>\n<span style=\"font-size: 16px;\"><span style=\"text-decoration: underline;\">Tagesretreat<\/span>: Samstag, \u00a0von 10:00h bis 16:00h im Kursraum achtsam-sorgsam <strong>in Basel<\/strong><\/span><\/li>\n<li><span style=\"font-size: 16px;\"><span style=\"color: #ff9900;\"><strong>Kurs 2 <\/strong><\/span>&#8222;MSC&#8220;<strong>: <\/strong>(ausgebucht)<\/span><br \/>\n<span style=\"font-size: 16px;\"><span style=\"text-decoration: underline;\">Kursbeginn<\/span>: Donnerstag\u00a08 x\u00a0<\/span><br \/>\n<span style=\"font-size: 16px;\"><span style=\"text-decoration: underline;\">Kurszeit<\/span>: von 18:30h &#8211; 21:45h<\/span><br \/>\n<span style=\"font-size: 16px;\"><span style=\"text-decoration: underline;\">Tagesretreat<\/span>: Sonntag , von 10:00h bis 16:00h<\/span><a href=\"http:\/\/achtsam-sorgsam.ch\/wp-content\/uploads\/2019\/10\/11_19-MSC-Flyer_MoAb.pdf\"><br \/>\n<\/a><\/li>\n<\/ul>\n<h2>MBSR &#8222;Stressbew\u00e4ltigung durch Achtsamkeit&#8220; &#8211; MBCT &#8222;Achtsamkeit als\u00a0R\u00fcckfallspr\u00e4vention bei Depression<\/h2>\n<ul>\n<li><span style=\"font-size: 16px;\"><span style=\"color: #ff9900;\"><strong>Kurs 1<\/strong><\/span> &#8222;MBSR\/MBCT&#8220;<b>:<\/b><u><br \/>\n<\/u><span style=\"text-decoration: underline;\">Kursbeginn<\/span>: Montag<b>\u00a0<\/b>\u00a08 x\u00a0<span style=\"text-decoration: underline;\">auf Anfrage<\/span><strong>\u00a0<\/strong><\/span><br \/>\n<span style=\"font-size: 16px;\"><span style=\"text-decoration: underline;\">Kurszeit<\/span>: 18:30h bis 21:00h<\/span><br \/>\n<span style=\"font-size: 16px;\"><span style=\"text-decoration: underline;\">Tagesretreat<\/span>: Sonntag von 10:00h bis 16:00h<\/span><\/li>\n<li><span style=\"font-size: 16px;\"><span style=\"color: #ff9900;\"><strong>Kurs 2 <\/strong><\/span>&#8222;MBSR\/MBCT&#8220;<b>:<\/b><u><b><br \/>\n<\/b>Kursbeginn:<\/u> Samstag 8 x <span style=\"text-decoration: underline;\">auf Anfrage<\/span><u><br \/>\n<\/u><span style=\"text-decoration: underline;\">Kurszeit:<\/span> 9:00h bis 11:30h<\/span><br \/>\n<span style=\"font-size: 16px;\"><span style=\"text-decoration: underline;\">Tagesretreat<\/span>: Sonntag, von 10:00h bis 16:00h<\/span><\/li>\n<\/ul>\n<h2>SCHC &#8211; &#8222;Self-compassion for Healthcare Communities&#8220;<em>. \u00a0<span style=\"font-size: 14px;\">Ein\u00a0<\/span><\/em><span style=\"font-size: 14px;\"><strong>MSC-Innere Resilienz 6<\/strong>-Wochen Kurztraining f\u00fcr Therapeuten, medizinische Fachpersonen &amp; Caregivers<\/span>\u00a0<span style=\"font-size: 13px;\"><i><b>&#8222;on the spot &#8211; a quick tool on the job\u201c<\/b><\/i><\/span><\/h2>\n<ul>\n<li><span style=\"font-size: 16px;\"><span style=\"text-decoration: underline;\">Kursbeginn:<\/span>\u00a0Samstag\u00a06 x <span style=\"text-decoration: underline;\">auf Anfrage<\/span>\u00a0on-line<strong><a href=\"http:\/\/achtsam-sorgsam.ch\/wp-content\/uploads\/2019\/10\/11_19-Resilienz-Flyer19.pdf\"><br \/>\n<\/a><\/strong><a href=\"http:\/\/achtsam-sorgsam.ch\/wp-content\/uploads\/2020\/04\/5_20-Resilienz-Flyer-10h-12-15h-neu.pdf\"><span style=\"color: #ff9900;\"><strong><span style=\"text-decoration: underline;\">Kurs 1<\/span>:<\/strong><\/span> 10:00h bis 11:30h<\/a><\/span><br \/>\n<span style=\"font-size: 16px;\"><a href=\"http:\/\/achtsam-sorgsam.ch\/wp-content\/uploads\/2020\/04\/5_20-Resilienz-Flyer-10h-12-15h-neu.pdf\"><span style=\"color: #ff9900;\"><strong><span style=\"text-decoration: underline;\">Kurs 2<\/span>:<\/strong><\/span> 12:15h bis 13:45h<\/a><\/span><\/li>\n<\/ul>\n<p><span style=\"font-size: 16px;\">Auf Anfrage kann dieser Kurs auch in Ihrer Praxis\/Klinik durchgef\u00fchrt werden. <a href=\"http:\/\/achtsam-sorgsam.ch\/?page_id=12\">Bitte kontaktieren Sie uns.<\/a><\/span><\/p>\n<h2>MBPM &#8222;Mindfulness-Based Pain Management&#8220;. <span style=\"font-size: 14px;\">Ein achtsamkeitsbasierter Ansatz f\u00fcr einen mitf\u00fchlenden Umgang mit Schmerzen und chronischen Erkrankungen.<\/span><\/h2>\n<ul>\n<li><span style=\"font-size: 16px;\"><u><a href=\"http:\/\/achtsam-sorgsam.ch\/?page_id=1045\"><strong>MBPM\u00a0<\/strong>\u00a0<strong>8-Wochentraining<\/strong><\/a><\/u><br \/>\n<\/span><\/li>\n<li><span style=\"font-size: 16px;\"><span style=\"text-decoration: underline;\">Kursbeginn<\/span>:<strong>\u00a0<\/strong>8 x auf Anfrage <\/span><br \/>\n<span style=\"font-size: 16px;\">Kurszeit: von 18.45h &#8211; 21:45h<\/span><br \/>\n<span style=\"font-size: 16px;\">Tagesretreat: Datum wird gemeinsam mit den TN festgelegt<\/span><\/li>\n<\/ul>\n<h2>MBCL &#8222;Achtsam und Mitf\u00fchlend leben&#8220;<\/h2>\n<ul>\n<li><span style=\"font-size: 16px;\"><a href=\"http:\/\/achtsam-sorgsam.ch\/wp-content\/uploads\/2018\/12\/MBCL-Flyer-neu-19_5_-Benediktushof.pdf\"><span style=\"text-decoration: underline;\"><strong>MBCL<\/strong>\u00a0<strong>4-TAGESRETREAT Donnerstag bis Sonntag<\/strong><\/span><\/a><\/span><\/li>\n<li><span style=\"font-size: 16px;\"><span style=\"text-decoration: underline;\"><u><strong>MBCL\u00a0<\/strong>\u00a0<strong>8-Wochentraining<\/strong><\/u><br \/>\nKursbeginn<\/span>: 8 x auf Anfrage<strong><br \/>\n<\/strong><span style=\"text-decoration: underline;\">Kurszeit<\/span>: von 18.30h &#8211; 21:45h<\/span><br \/>\n<span style=\"font-size: 16px;\"><span style=\"text-decoration: underline;\">Tagesretreat<\/span>: Sonntag von 10:00h bis 16:00h<\/span><br \/>\n<span style=\"font-size: 16px;\"><span style=\"text-decoration: underline;\">Kursdaten:\u00a0<\/span>Bitte kontaktieren Sie uns.<\/span><\/li>\n<\/ul>\n<h2>\u00dcbungsabende<\/h2>\n<ul>\n<li><span style=\"font-size: 16px;\"><span style=\"text-decoration: underline;\"><strong>Achtsamkeit- &amp; Selbst-Mitgef\u00fchl<br \/>\n<\/strong><\/span>f\u00fcr Menschen die an unserem MSC\/MBCL\/MBSR\/MBPM<\/span><br \/>\n<span style=\"font-size: 16px;\">8-Wochentraining \u00a0teilgenommen haben<\/span><br \/>\n<span style=\"font-size: 16px;\">! Ein Einstieg ist jederzeit m\u00f6glich<\/span><br \/>\n<span style=\"font-size: 16px;\">Jeden 2. &amp; 4. Dienstagabend des Monats. \u00a0<\/span><br \/>\n<span style=\"font-size: 16px;\">Wiederbeginn August 2023 auf Anfrage.<\/span><br \/>\n<span style=\"font-size: 16px;\"><span style=\"text-decoration: underline;\">Anmeldung:<\/span> per Mail oder SMS<\/span><\/li>\n<\/ul>\n<h2>Vertiefungsabende<\/h2>\n<ul>\n<li><span style=\"font-size: 16px;\"><span style=\"text-decoration: underline;\"><strong>Achtsamkeit- &amp; Selbst-Mitgef\u00fchl<\/strong><a href=\"http:\/\/achtsam-sorgsam.ch\/wp-content\/uploads\/2016\/04\/MBCL-Monica-zusammen2.pdf\" target=\"_blank\" rel=\"noopener noreferrer\"><br \/>\n<\/a><\/span>mit diversen Themen nach gesonderter Ausschreibung<\/span><br \/>\n<span style=\"font-size: 16px;\">1-2 x monatlich. Wiederbeginn ab August 2024 auf Anfrage.<\/span><br \/>\n<span style=\"font-size: 16px;\">f\u00fcr Menschen die an unserem 8-Wochentraining<\/span><br \/>\n<span style=\"font-size: 16px;\">teilgenommen haben.<\/span><br \/>\n<span style=\"font-size: 16px;\"><span style=\"text-decoration: underline;\">Anmeldung:<\/span> per Mail oder SMS<\/span><\/li>\n<\/ul>\n<p>&nbsp;<\/p>\n<hr \/>\n<p>Sie k\u00f6nnen sich auf dieser Seite einen Kursplatz sichern oder in einem unverbindlichen, gemeinsamen Gespr\u00e4ch herausfinden, welcher Kurs in Ihrer jetzigen Lebenssituation sinnvoll ist.[\/vc_column_text][\/vc_column][vc_column width=&#8220;5\/12&#8243;]<div class=\"vcex-heading vcex-heading-plain vcex-module wpex-heading wpex-text-2xl\"><span class=\"vcex-heading-inner wpex-inline-block\">Kursanmeldung<\/span><\/div>[vc_column_text css=&#8220;.vc_custom_1482828669774{margin-bottom: 10px !important;}&#8220;]Kontaktieren Sie uns f\u00fcr ein unverbindliches Erstgespr\u00e4ch. Wir freuen uns \u00fcber Ihr Interesse und beantworten gerne Ihre Fragen:<\/p>\n<p>&nbsp;[\/vc_column_text]\n<div class=\"wpcf7 no-js\" id=\"wpcf7-f273-o1\" lang=\"de-DE\" dir=\"ltr\">\n<div class=\"screen-reader-response\"><p role=\"status\" aria-live=\"polite\" aria-atomic=\"true\"><\/p> <ul><\/ul><\/div>\n<form action=\"\/index.php?rest_route=%2Fwp%2Fv2%2Fpages%2F153#wpcf7-f273-o1\" method=\"post\" class=\"wpcf7-form init\" aria-label=\"Kontaktformular\" novalidate=\"novalidate\" data-status=\"init\">\n<div style=\"display: none;\">\n<input type=\"hidden\" name=\"_wpcf7\" value=\"273\" \/>\n<input type=\"hidden\" name=\"_wpcf7_version\" value=\"5.8.5\" \/>\n<input type=\"hidden\" name=\"_wpcf7_locale\" value=\"de_DE\" \/>\n<input type=\"hidden\" name=\"_wpcf7_unit_tag\" value=\"wpcf7-f273-o1\" \/>\n<input type=\"hidden\" name=\"_wpcf7_container_post\" value=\"0\" \/>\n<input type=\"hidden\" name=\"_wpcf7_posted_data_hash\" value=\"\" \/>\n<\/div>\n<p>Name (Pflichtfeld)\n<\/p>\n<p><span class=\"wpcf7-form-control-wrap\" data-name=\"your-name\"><input size=\"40\" class=\"wpcf7-form-control wpcf7-text wpcf7-validates-as-required\" aria-required=\"true\" aria-invalid=\"false\" value=\"\" type=\"text\" name=\"your-name\" \/><\/span>\n<\/p>\n<p>Adresse (Pflichtfeld)\n<\/p>\n<p><span class=\"wpcf7-form-control-wrap\" data-name=\"your-adress\"><input size=\"40\" class=\"wpcf7-form-control wpcf7-text wpcf7-validates-as-required\" aria-required=\"true\" aria-invalid=\"false\" value=\"\" type=\"text\" name=\"your-adress\" \/><\/span>\n<\/p>\n<p>Telefonnummer (Pflichtfeld)\n<\/p>\n<p><span class=\"wpcf7-form-control-wrap\" data-name=\"your-number\"><input size=\"40\" class=\"wpcf7-form-control wpcf7-text wpcf7-validates-as-required\" aria-required=\"true\" aria-invalid=\"false\" value=\"\" type=\"text\" name=\"your-number\" \/><\/span>\n<\/p>\n<p>E-Mail-Adresse (Pflichtfeld)\n<\/p>\n<p><span class=\"wpcf7-form-control-wrap\" data-name=\"your-email\"><input size=\"40\" class=\"wpcf7-form-control wpcf7-email wpcf7-validates-as-required wpcf7-text wpcf7-validates-as-email\" aria-required=\"true\" aria-invalid=\"false\" value=\"\" type=\"email\" name=\"your-email\" \/><\/span>\n<\/p>\n<p>Kurswahl (Pflichtfeld)\n<\/p>\n<p><span class=\"wpcf7-form-control-wrap\" data-name=\"course-choice\"><input size=\"40\" class=\"wpcf7-form-control wpcf7-text wpcf7-validates-as-required\" aria-required=\"true\" aria-invalid=\"false\" value=\"\" type=\"text\" name=\"course-choice\" \/><\/span>\n<\/p>\n<p>Nachricht\n<\/p>\n<p><span class=\"wpcf7-form-control-wrap\" data-name=\"your-message\"><textarea cols=\"40\" rows=\"10\" class=\"wpcf7-form-control wpcf7-textarea\" aria-invalid=\"false\" name=\"your-message\"><\/textarea><\/span>\n<\/p>\n<p><input class=\"wpcf7-form-control wpcf7-submit has-spinner\" type=\"submit\" value=\"Senden\" \/>\n<\/p><div class=\"wpcf7-response-output\" aria-hidden=\"true\"><\/div>\n<\/form>\n<\/div>\n[\/vc_column][\/vc_row]\n<\/div>","protected":false},"excerpt":{"rendered":"<p>[vc_row][vc_column][vc_single_image image=&#8220;429&#8243; img_size=&#8220;752&#215;210&#8243; alignment=&#8220;center&#8220; css=&#8220;.vc_custom_1455660295812{margin-top: -30px !important;margin-right: -30px !important;margin-left: -30px !important;}&#8220;][\/vc_column][\/vc_row][vc_row][vc_column width=&#8220;7\/12&#8243;][vc_column_text] AUSZEIT BIS DEZEMBER 2024 NACH 38JAHREN PRAXIST\u00c4TIGKEIT ERLAUBE ICH MIR EINE AUSZEIT. MIT NEUEM ELAN WERDE ICH VORAUSSICHTLICH \u00a0IM 1. HALBJAHR 2025 MEINE KURST\u00c4TIGKEIT WIEDER AUFNEHMEN. ICH FREUE MICH AUF IHRE KURSANFRAGE UND DANKE IHNEN F\u00dcR IHRE TREUE. DIE PRIORIT\u00c4TENLISTE DES KURSANGEBOTS WERDE&hellip;<\/p>\n","protected":false},"author":3,"featured_media":0,"parent":0,"menu_order":0,"comment_status":"closed","ping_status":"closed","template":"","meta":{"footnotes":""},"_links":{"self":[{"href":"https:\/\/achtsam-sorgsam.ch\/index.php?rest_route=\/wp\/v2\/pages\/153"}],"collection":[{"href":"https:\/\/achtsam-sorgsam.ch\/index.php?rest_route=\/wp\/v2\/pages"}],"about":[{"href":"https:\/\/achtsam-sorgsam.ch\/index.php?rest_route=\/wp\/v2\/types\/page"}],"author":[{"embeddable":true,"href":"https:\/\/achtsam-sorgsam.ch\/index.php?rest_route=\/wp\/v2\/users\/3"}],"replies":[{"embeddable":true,"href":"https:\/\/achtsam-sorgsam.ch\/index.php?rest_route=%2Fwp%2Fv2%2Fcomments&post=153"}],"version-history":[{"count":371,"href":"https:\/\/achtsam-sorgsam.ch\/index.php?rest_route=\/wp\/v2\/pages\/153\/revisions"}],"predecessor-version":[{"id":1995,"href":"https:\/\/achtsam-sorgsam.ch\/index.php?rest_route=\/wp\/v2\/pages\/153\/revisions\/1995"}],"wp:attachment":[{"href":"https:\/\/achtsam-sorgsam.ch\/index.php?rest_route=%2Fwp%2Fv2%2Fmedia&parent=153"}],"curies":[{"name":"wp","href":"https:\/\/api.w.org\/{rel}","templated":true}]}}