{"id":18,"date":"2016-02-07T20:36:55","date_gmt":"2016-02-07T20:36:55","guid":{"rendered":"http:\/\/achtsam-sorgsam.ch\/?page_id=18"},"modified":"2024-02-06T05:24:39","modified_gmt":"2024-02-06T05:24:39","slug":"aktuell","status":"publish","type":"page","link":"https:\/\/achtsam-sorgsam.ch\/","title":{"rendered":"Aktuell"},"content":{"rendered":"<div class=\"wpb-content-wrapper\">[vc_row][vc_column][vc_single_image image=&#8220;111&#8243; img_size=&#8220;752&#215;210&#8243; alignment=&#8220;center&#8220; css=&#8220;.vc_custom_1454928662482{margin-top: -30px !important;margin-right: -30px !important;margin-left: -30px !important;}&#8220;][\/vc_column][\/vc_row][vc_row][vc_column][vc_column_text]<strong>Herzlich willkommen! \u00a0Namast\u00e9!<\/strong><\/p>\n<p>Wir freuen uns, dass Sie unser Kursangebot &#8222;achtsam-sorgsam&#8220; interessiert. Sie finden auf dieser Webseite Details zu unseren Achtsamkeits- und Selbst-Mitgef\u00fchlstrainings\u00a0 MBSR, MBCT, MSC, MBPM, MBCL.<\/p>\n<p>Wir informieren Sie \u00fcber aktuelle Kursangebote mit Themen Achtsamkeit, Mitgef\u00fchl, Resilienz, Achtsamkeitsmeditation und offerieren Ihnen weitere Informationen und Filmbeitr\u00e4ge zu diesen Themen. Gerne laden wir Sie bei Interesse zu einem pers\u00f6nlichen Gespr\u00e4ch ein.<\/p>\n<p>Sorgen Sie gut f\u00fcr sich, f\u00fcr andere und f\u00fcr alle Wesen. M\u00f6gen alle so gesund wie m\u00f6glich sein.<br \/>\nMonica E. Br\u00fcni &amp; C\u00e9line M. Br\u00fcni[\/vc_column_text]<div class=\"vcex-spacing wpex-w-100 wpex-clear\"><\/div>[vc_separator css=&#8220;.vc_custom_1539014859613{margin-top: -5px !important;}&#8220;][\/vc_column][\/vc_row][vc_row][vc_column width=&#8220;1\/3&#8243;][vc_column_text]<span style=\"font-family: 'Source Sans Pro'; font-size: 24px; color: #717171;\">Aktuelle Kurse<\/span>[\/vc_column_text][\/vc_column][vc_column width=&#8220;1\/3&#8243;][vc_column_text css=&#8220;.vc_custom_1703624930213{margin-top: 10px !important;}&#8220;]\u00dcbersicht und Anmeldung[\/vc_column_text][\/vc_column][vc_column width=&#8220;1\/3&#8243;]<div class=\"vc_custom_1703624754018 wpex-clr\"><a href=\"http:\/\/achtsam-sorgsam.ch\/?page_id=153\" class=\"vcex-button theme-button align-right inline\"><span class=\"vcex-button-inner theme-button-inner\">Kursdaten<\/span><\/a><\/div> [\/vc_column][\/vc_row][vc_row][vc_column][vc_separator css=&#8220;.vc_custom_1539014859613{margin-top: -5px !important;}&#8220;][vc_empty_space][vc_column_text]<span style=\"font-family: 'Source Sans Pro';font-size: 24px;color: #717171\">Neuigkeiten<\/span>[\/vc_column_text][\/vc_column][\/vc_row][vc_row][vc_column]<div class=\"vcex-module vcex-blog-grid-wrap wpex-clr\"><div class=\"wpex-row vcex-blog-grid wpex-clr entries\"><div class=\"vcex-blog-entry vcex-grid-item entry-has-details span_1_of_4 col-1 col post-666 entry type-post has-media cat-16\"><div class=\"vcex-blog-entry-inner entry-inner wpex-first-mt-0 wpex-last-mb-0 wpex-clr\"><div class=\"vcex-blog-entry-media entry-media\"><a href=\"https:\/\/achtsam-sorgsam.ch\/?p=666\" title=\"&#8222;Zur Ruhe kommen im Auge des Sturms&#8220;  Ein 6-Wochen Achtsamkeitskurs\"><img loading=\"lazy\" class=\"vcex-blog-entry-img wpex-align-middle\" decoding=\"async\" src=\"https:\/\/achtsam-sorgsam.ch\/wp-content\/uploads\/2020\/03\/\u00a9C\u00e9line_Ayutthaya-400x400.jpeg\" alt=\"\" srcset=\"https:\/\/achtsam-sorgsam.ch\/wp-content\/uploads\/2020\/03\/\u00a9C\u00e9line_Ayutthaya-400x400.jpeg 400w, https:\/\/achtsam-sorgsam.ch\/wp-content\/uploads\/2020\/03\/\u00a9C\u00e9line_Ayutthaya-150x150.jpeg 150w\" width=\"400\" height=\"400\"><\/a><\/div><div class=\"vcex-blog-entry-details entry-details wpex-bordered wpex-first-mt-0 wpex-last-mb-0 wpex-clr\"><h2 class=\"vcex-blog-entry-title entry-title wpex-mb-5\"><a href=\"https:\/\/achtsam-sorgsam.ch\/?p=666\">&#8222;Zur Ruhe kommen im Auge des Sturms&#8220;  Ein 6-Wochen Achtsamkeitskurs<\/a><\/h2><div class=\"vcex-blog-entry-excerpt entry-excerpt wpex-my-15 wpex-last-mb-0 wpex-clr\"><p>Grundlagen f\u00fcr Anf\u00e4nger*Innen und Fortgeschrittene. \"Achtsam-sorgsam\" eintauchen - anwenden - vertiefen. 6 x 1,5 Stunden&hellip;<\/p><\/div><div class=\"vcex-blog-entry-readmore-wrap entry-readmore-wrap wpex-my-15 wpex-clr\"><a href=\"https:\/\/achtsam-sorgsam.ch\/?p=666\" class=\"theme-button\" aria-label=\"Weiterlesen about &#8222;Zur Ruhe kommen im Auge des Sturms&#8220;  Ein 6-Wochen Achtsamkeitskurs\">Weiterlesen<\/a><\/div><\/div><\/div><\/div><div class=\"vcex-blog-entry vcex-grid-item entry-has-details span_1_of_4 col-2 col post-1296 entry type-post has-media cat-21\"><div class=\"vcex-blog-entry-inner entry-inner wpex-first-mt-0 wpex-last-mb-0 wpex-clr\"><div class=\"vcex-blog-entry-media entry-media\"><a href=\"https:\/\/achtsam-sorgsam.ch\/?p=1296\" title=\"&#8222;Innere Resilienz&#8220;  ein aus dem &#8222;MSC&#8220; adaptiertes Kurztraining\"><img loading=\"lazy\" class=\"vcex-blog-entry-img wpex-align-middle\" decoding=\"async\" src=\"https:\/\/achtsam-sorgsam.ch\/wp-content\/uploads\/2019\/08\/Untitled-400x400.jpg\" alt=\"\" srcset=\"https:\/\/achtsam-sorgsam.ch\/wp-content\/uploads\/2019\/08\/Untitled-400x400.jpg 400w, https:\/\/achtsam-sorgsam.ch\/wp-content\/uploads\/2019\/08\/Untitled-150x150.jpg 150w\" width=\"400\" height=\"400\"><\/a><\/div><div class=\"vcex-blog-entry-details entry-details wpex-bordered wpex-first-mt-0 wpex-last-mb-0 wpex-clr\"><h2 class=\"vcex-blog-entry-title entry-title wpex-mb-5\"><a href=\"https:\/\/achtsam-sorgsam.ch\/?p=1296\">&#8222;Innere Resilienz&#8220;  ein aus dem &#8222;MSC&#8220; adaptiertes Kurztraining<\/a><\/h2><div class=\"vcex-blog-entry-excerpt entry-excerpt wpex-my-15 wpex-last-mb-0 wpex-clr\"><p>neu: \u201eSCHC\u00a0Self-Compassion for Healthcare Communities\u201c \u00a0ist ein\u00a06-Wochen Kurztraining f\u00fcr Therapeuten, medizinische Fachpersonen &amp; weitere \"Caregivers\"&hellip;<\/p><\/div><div class=\"vcex-blog-entry-readmore-wrap entry-readmore-wrap wpex-my-15 wpex-clr\"><a href=\"https:\/\/achtsam-sorgsam.ch\/?p=1296\" class=\"theme-button\" aria-label=\"Weiterlesen about &#8222;Innere Resilienz&#8220;  ein aus dem &#8222;MSC&#8220; adaptiertes Kurztraining\">Weiterlesen<\/a><\/div><\/div><\/div><\/div><div class=\"vcex-blog-entry vcex-grid-item entry-has-details span_1_of_4 col-3 col post-445 entry type-post has-media cat-16\"><div class=\"vcex-blog-entry-inner entry-inner wpex-first-mt-0 wpex-last-mb-0 wpex-clr\"><div class=\"vcex-blog-entry-media entry-media\"><a href=\"https:\/\/achtsam-sorgsam.ch\/?p=445\" title=\"Alle meditieren. Wer ver\u00e4ndert die Welt?\"><img loading=\"lazy\" class=\"vcex-blog-entry-img wpex-align-middle\" decoding=\"async\" src=\"https:\/\/achtsam-sorgsam.ch\/wp-content\/uploads\/2016\/02\/moni-buddhas\u00a9JeremyBishop--400x400.jpeg\" alt=\"\" srcset=\"https:\/\/achtsam-sorgsam.ch\/wp-content\/uploads\/2016\/02\/moni-buddhas\u00a9JeremyBishop--400x400.jpeg 400w, https:\/\/achtsam-sorgsam.ch\/wp-content\/uploads\/2016\/02\/moni-buddhas\u00a9JeremyBishop--150x150.jpeg 150w\" width=\"400\" height=\"400\"><\/a><\/div><div class=\"vcex-blog-entry-details entry-details wpex-bordered wpex-first-mt-0 wpex-last-mb-0 wpex-clr\"><h2 class=\"vcex-blog-entry-title entry-title wpex-mb-5\"><a href=\"https:\/\/achtsam-sorgsam.ch\/?p=445\">Alle meditieren. Wer ver\u00e4ndert die Welt?<\/a><\/h2><div class=\"vcex-blog-entry-excerpt entry-excerpt wpex-my-15 wpex-last-mb-0 wpex-clr\"><p>Meditationskurse boomen. Und viele Studien zeigen: Meditation macht stressresistenter und gelassener. Aber l\u00e4sst sich auf&hellip;<\/p><\/div><div class=\"vcex-blog-entry-readmore-wrap entry-readmore-wrap wpex-my-15 wpex-clr\"><a href=\"https:\/\/achtsam-sorgsam.ch\/?p=445\" class=\"theme-button\" aria-label=\"Weiterlesen about Alle meditieren. Wer ver\u00e4ndert die Welt?\">Weiterlesen<\/a><\/div><\/div><\/div><\/div><div class=\"vcex-blog-entry vcex-grid-item entry-has-details span_1_of_4 col-4 col post-96 entry type-post has-media cat-16\"><div class=\"vcex-blog-entry-inner entry-inner wpex-first-mt-0 wpex-last-mb-0 wpex-clr\"><div class=\"vcex-blog-entry-media entry-media\"><a href=\"https:\/\/achtsam-sorgsam.ch\/?p=96\" title=\"Namast\u00e9!\"><img loading=\"lazy\" class=\"vcex-blog-entry-img wpex-align-middle\" decoding=\"async\" src=\"https:\/\/achtsam-sorgsam.ch\/wp-content\/uploads\/2016\/02\/BASEL_RHYNEBB_0689-400x400.jpg\" alt=\"\" srcset=\"https:\/\/achtsam-sorgsam.ch\/wp-content\/uploads\/2016\/02\/BASEL_RHYNEBB_0689-400x400.jpg 400w, https:\/\/achtsam-sorgsam.ch\/wp-content\/uploads\/2016\/02\/BASEL_RHYNEBB_0689-150x150.jpg 150w\" width=\"400\" height=\"400\"><\/a><\/div><div class=\"vcex-blog-entry-details entry-details wpex-bordered wpex-first-mt-0 wpex-last-mb-0 wpex-clr\"><h2 class=\"vcex-blog-entry-title entry-title wpex-mb-5\"><a href=\"https:\/\/achtsam-sorgsam.ch\/?p=96\">Namast\u00e9!<\/a><\/h2><div class=\"vcex-blog-entry-excerpt entry-excerpt wpex-my-15 wpex-last-mb-0 wpex-clr\"><p>\"Namast\u00e9!\" ein Ausdruck aus dem Sanskrit, begleitet eine Grussgeste, die in Nepal und anderen asiatischen&hellip;<\/p><\/div><div class=\"vcex-blog-entry-readmore-wrap entry-readmore-wrap wpex-my-15 wpex-clr\"><a href=\"https:\/\/achtsam-sorgsam.ch\/?p=96\" class=\"theme-button\" aria-label=\"Weiterlesen about Namast\u00e9!\">Weiterlesen<\/a><\/div><\/div><\/div><\/div><\/div><\/div>[\/vc_column][\/vc_row]\n<\/div>","protected":false},"excerpt":{"rendered":"<p>[vc_row][vc_column][vc_single_image image=&#8220;111&#8243; img_size=&#8220;752&#215;210&#8243; alignment=&#8220;center&#8220; css=&#8220;.vc_custom_1454928662482{margin-top: -30px !important;margin-right: -30px !important;margin-left: -30px !important;}&#8220;][\/vc_column][\/vc_row][vc_row][vc_column][vc_column_text]Herzlich willkommen! \u00a0Namast\u00e9! Wir freuen uns, dass Sie unser Kursangebot &#8222;achtsam-sorgsam&#8220; interessiert. Sie finden auf dieser Webseite Details zu unseren Achtsamkeits- und Selbst-Mitgef\u00fchlstrainings\u00a0 MBSR, MBCT, MSC, MBPM, MBCL. Wir informieren Sie \u00fcber aktuelle Kursangebote mit Themen Achtsamkeit, Mitgef\u00fchl, Resilienz, Achtsamkeitsmeditation und offerieren Ihnen weitere Informationen&hellip;<\/p>\n","protected":false},"author":3,"featured_media":0,"parent":0,"menu_order":0,"comment_status":"closed","ping_status":"closed","template":"","meta":{"footnotes":""},"_links":{"self":[{"href":"https:\/\/achtsam-sorgsam.ch\/index.php?rest_route=\/wp\/v2\/pages\/18"}],"collection":[{"href":"https:\/\/achtsam-sorgsam.ch\/index.php?rest_route=\/wp\/v2\/pages"}],"about":[{"href":"https:\/\/achtsam-sorgsam.ch\/index.php?rest_route=\/wp\/v2\/types\/page"}],"author":[{"embeddable":true,"href":"https:\/\/achtsam-sorgsam.ch\/index.php?rest_route=\/wp\/v2\/users\/3"}],"replies":[{"embeddable":true,"href":"https:\/\/achtsam-sorgsam.ch\/index.php?rest_route=%2Fwp%2Fv2%2Fcomments&post=18"}],"version-history":[{"count":146,"href":"https:\/\/achtsam-sorgsam.ch\/index.php?rest_route=\/wp\/v2\/pages\/18\/revisions"}],"predecessor-version":[{"id":1991,"href":"https:\/\/achtsam-sorgsam.ch\/index.php?rest_route=\/wp\/v2\/pages\/18\/revisions\/1991"}],"wp:attachment":[{"href":"https:\/\/achtsam-sorgsam.ch\/index.php?rest_route=%2Fwp%2Fv2%2Fmedia&parent=18"}],"curies":[{"name":"wp","href":"https:\/\/api.w.org\/{rel}","templated":true}]}}