{"id":98,"date":"2016-02-08T00:16:04","date_gmt":"2016-02-08T00:16:04","guid":{"rendered":"http:\/\/achtsam-sorgsam.ch\/?page_id=98"},"modified":"2019-10-19T10:15:36","modified_gmt":"2019-10-19T10:15:36","slug":"mbsr","status":"publish","type":"page","link":"https:\/\/achtsam-sorgsam.ch\/?page_id=98","title":{"rendered":"MBSR"},"content":{"rendered":"<div class=\"wpb-content-wrapper\">[vc_row][vc_column css=&#8220;.vc_custom_1455024886114{margin-bottom: 70px !important;}&#8220;][vc_single_image image=&#8220;628&#8243; img_size=&#8220;752&#215;210&#8243; alignment=&#8220;center&#8220; css=&#8220;.vc_custom_1456584878414{margin-top: -30px !important;margin-right: -30px !important;margin-bottom: -30px !important;margin-left: -30px !important;}&#8220;][\/vc_column][\/vc_row][vc_row][vc_column width=&#8220;3\/4&#8243;][vc_column_text]\n<h1 style=\"text-align: justify\">MBSR &#8211; Mindfulness Based Stress Reduction<\/h1>\n<p style=\"text-align: justify\">In den Jahren um 1979 wurde das MBSR-Programm <strong>&#8222;Stressbew\u00e4ltigung durch Achtsamkeit&#8220;<\/strong> von Prof. Jon Kabat-Zinn, in der von ihm gegr\u00fcndeten &#8222;Stress Reduction Clinic&#8220;, im Medical Center an der Universit\u00e4tsklinik von Massachusetts (USA) entwickelt. Zu Beginn wurde MBSR v.a. bei Patienten mit diversen Krankheiten und chronischen Schmerzen angeboten, bei welchen die \u00fcblichen Behandlungen keine befriedigende Resultate zeigten. \u00a0Die Indikationen f\u00fcr das MBSR-Training sind inzwischen weit verzweigt, die Wirksamkeit langj\u00e4hrig wissenschaftlich erprobt und\u00a0in vielen Studien belegt. Alleine in den USA haben bisher mehr als 20 000 Menschen diesen Kurs absolviert. Dieses 8-Wochen Programm wird seit einigen Jahren auch in Europa mit grossem Erfolg weitervermittelt und angewendet.<\/p>\n<p style=\"text-align: justify\">Im Zentrum der Mindfulness Based Stress Reduction \u201eM B S R\u201c steht die F\u00f6rderung der Achtsamkeit. Es handelt sich um ein ganzheitliches, psycho-edukatives Trainingsprogramm. Das Achtsamkeitstraining schliesst jahrtausend alte buddhistische- und neueste neurowissenschaftliche und psychologische Erkenntnisse ein und ist frei von kulturellen und religi\u00f6sen Grundannahmen oder Verpflichtungen.<\/p>\n<p style=\"text-align: justify\">Im Rahmen des MBSR 8-Wochen Programm werden Werkzeuge vermittelt, die unsere F\u00e4higkeit f\u00f6rdern, auch in widrigen und stresserf\u00fcllten Momenten achtsam mit uns selbst in Kontakt zu bleiben. Wir lernen eigene Erfahrungen zu erforschen und den unab\u00e4nderlichen, wandelbaren Ist-Zustand von Moment zu Moment vorurteilsfrei und wohlwollend zu beobachten und ihn und uns selbst mit mehr Mitgef\u00fchl und Achtung anzunehmen. Wir lernen innezuhalten, statt von unseren gewohnten automatisch ablaufenden Reaktionsmustern diktiert zu werden und finden so wieder Zugang zu unseren eigenen Potenzialen. Dadurch er\u00f6ffnen sich uns neue und erweiterte Wahlm\u00f6glichkeiten, wir k\u00f6nnen von innen her, der gegenw\u00e4rtigen Situation angepasst, entscheiden und ein kreativer Umgang mit belastenden Situationen wird wieder m\u00f6glich.<\/p>\n<p style=\"text-align: justify\">MBSR f\u00f6rdert die Selbstwahrnehmung und das Mitgef\u00fchl f\u00fcr uns selbst und f\u00fcr andere.<\/p>\n<p style=\"text-align: justify\">MBSR eignet sich f\u00fcr Menschen<\/p>\n<ul style=\"text-align: justify\">\n<li>mit verschiedenen Stress-Symptomen, wie Schlaflosigkeit, Unruhezust\u00e4nde, Konzentrationsschwierigkeiten, Antriebslosigkeit, psychische Labilit\u00e4t, hoher Blutdruck&#8230;<\/li>\n<li>mit chronischen Erkrankungen, mit chronischen Schmerzzust\u00e4nden<\/li>\n<li>mit chronischen \u00dcberlastungen, die das Gef\u00fchl haben, dass sie ihren beruflichen oder privaten Aufgaben nicht mehr stand halten k\u00f6nnen.<\/li>\n<li>mit sehr unterschiedlichen Diagnosen, als Erg\u00e4nzung zur schulmedizinischen oder psychotherapeutischen Behandlung.<\/li>\n<li>mit psycho-somatischen Beschwerden, die sich beispielsweise durch langanhaltenden Stress, Aengste, Trauer, Aerger, Spannung manifestiert haben.<\/li>\n<\/ul>\n<p style=\"text-align: justify\">und<\/p>\n<ul>\n<li style=\"text-align: justify\">die Stress-Situationen \u00fcberblicken, als Herausforderung annehmen und diese mit einer ruhigen, gelassenen und konzentrierten Haltung bew\u00e4ltigen m\u00f6chten.<\/li>\n<li style=\"text-align: justify\">die sich selbst besser kennen lernen m\u00f6chten, um mit mehr Bewusstsein, Mitgef\u00fchl und Lebensfreude durchs Leben zu gehen.<\/li>\n<li style=\"text-align: justify\">die aktiv etwas f\u00fcr ihre k\u00f6rperliche-, psychische- und seelische Gesundheit beitragen m\u00f6chten, um die Lebensqualit\u00e4t zu verbessern.<\/li>\n<li style=\"text-align: justify\">die ihre Situation nachhaltig ver\u00e4ndern m\u00f6chten, in Richtung Wiedergewinnung ihrer eigentlichen Kraft und Zugang zu ihrem gesamten innewohnenden Potenzial.<\/li>\n<li style=\"text-align: justify\">die ihr Leben wieder selbst in die Hand nehmen m\u00f6chten, wach, achtsam und achtungsvoll.<\/li>\n<\/ul>\n<blockquote>\n<p style=\"text-align: left\">Achtsam zu sein, bedeutet, wach zu sein. Es bedeutet, zu wissen, was wir tun.<\/p>\n<p style=\"text-align: right\"><em>Jon Kabat Zinn<\/em><\/p>\n<\/blockquote>\n[\/vc_column_text][\/vc_column][vc_column width=&#8220;1\/4&#8243;]<div class=\"vcex-list_item vcex-module wpex-m-0 wpex-max-w-100 wpex-mb-5\"><a  href=\"http:\/\/achtsam-sorgsam.ch\/wp-content\/uploads\/2016\/04\/22achtsam-ist-heilsam22.pdf\" class=\"vcex-list-item-link wpex-no-underline\"><div class=\"vcex-list-item-inner wpex-inline-flex wpex-flex-no-wrap\"><div class=\"vcex-list-item-icon wpex-mr-10\"><div class=\"vcex-list-item-icon-inner vcex-icon-wrap wpex-inline-flex wpex-justify-center wpex-items-center wpex-leading-none wpex-child-inherit-color\"><span class=\"ticon ticon-newspaper-o\" aria-hidden=\"true\"><\/span><\/div><\/div><div class=\"vcex-list-item-text vcex-content wpex-flex-grow\">achtsam ist heilsam<\/div><\/div><\/a><\/div><div class=\"vcex-list_item vcex-module wpex-m-0 wpex-max-w-100 wpex-mb-5\"><a  href=\"https:\/\/www.umassmed.edu\/cfm\/research\/mbsr-research\/\" class=\"vcex-list-item-link wpex-no-underline\"><div class=\"vcex-list-item-inner wpex-inline-flex wpex-flex-no-wrap\"><div class=\"vcex-list-item-icon wpex-mr-10\"><div class=\"vcex-list-item-icon-inner vcex-icon-wrap wpex-inline-flex wpex-justify-center wpex-items-center wpex-leading-none wpex-child-inherit-color\"><span class=\"ticon ticon-external-link\" aria-hidden=\"true\"><\/span><\/div><\/div><div class=\"vcex-list-item-text vcex-content wpex-flex-grow\">Klinische Studien<\/div><\/div><\/a><\/div><div class=\"vcex-list_item vcex-module wpex-m-0 wpex-max-w-100 wpex-mb-5\"><a  href=\"https:\/\/www.srf.ch\/play\/tv\/sternstunde-philosophie\/video\/jon-kabat-zinn-achtsamkeit-die-neue-gluecksformel?id=a5475697-96e6-492c-8a82-dc92e9620581\" class=\"vcex-list-item-link wpex-no-underline\"><div class=\"vcex-list-item-inner wpex-inline-flex wpex-flex-no-wrap\"><div class=\"vcex-list-item-icon wpex-mr-10\"><div class=\"vcex-list-item-icon-inner vcex-icon-wrap wpex-inline-flex wpex-justify-center wpex-items-center wpex-leading-none wpex-child-inherit-color\"><span class=\"ticon ticon-film\" aria-hidden=\"true\"><\/span><\/div><\/div><div class=\"vcex-list-item-text vcex-content wpex-flex-grow\">Jon Kabat Zinn in SF am 14.2.2016<\/div><\/div><\/a><\/div><div class=\"vcex-list_item vcex-module wpex-m-0 wpex-max-w-100 wpex-mb-5\"><a  href=\"https:\/\/www.youtube.com\/watch?v=3nwwKbM_vJc&#038;gl=DE&#038;hl=de\" class=\"vcex-list-item-link wpex-no-underline\"><div class=\"vcex-list-item-inner wpex-inline-flex wpex-flex-no-wrap\"><div class=\"vcex-list-item-icon wpex-mr-10\"><div class=\"vcex-list-item-icon-inner vcex-icon-wrap wpex-inline-flex wpex-justify-center wpex-items-center wpex-leading-none wpex-child-inherit-color\"><span class=\"ticon ticon-film\" aria-hidden=\"true\"><\/span><\/div><\/div><div class=\"vcex-list-item-text vcex-content wpex-flex-grow\">Mindfulness with JKZ<\/div><\/div><\/a><\/div>[\/vc_column][\/vc_row]\n<\/div>","protected":false},"excerpt":{"rendered":"<p>[vc_row][vc_column css=&#8220;.vc_custom_1455024886114{margin-bottom: 70px !important;}&#8220;][vc_single_image image=&#8220;628&#8243; img_size=&#8220;752&#215;210&#8243; alignment=&#8220;center&#8220; css=&#8220;.vc_custom_1456584878414{margin-top: -30px !important;margin-right: -30px !important;margin-bottom: -30px !important;margin-left: -30px !important;}&#8220;][\/vc_column][\/vc_row][vc_row][vc_column width=&#8220;3\/4&#8243;][vc_column_text] MBSR &#8211; Mindfulness Based Stress Reduction In den Jahren um 1979 wurde das MBSR-Programm &#8222;Stressbew\u00e4ltigung durch Achtsamkeit&#8220; von Prof. Jon Kabat-Zinn, in der von ihm gegr\u00fcndeten &#8222;Stress Reduction Clinic&#8220;, im Medical Center an der Universit\u00e4tsklinik von Massachusetts (USA)&hellip;<\/p>\n","protected":false},"author":3,"featured_media":0,"parent":10,"menu_order":0,"comment_status":"closed","ping_status":"closed","template":"","meta":{"footnotes":""},"_links":{"self":[{"href":"https:\/\/achtsam-sorgsam.ch\/index.php?rest_route=\/wp\/v2\/pages\/98"}],"collection":[{"href":"https:\/\/achtsam-sorgsam.ch\/index.php?rest_route=\/wp\/v2\/pages"}],"about":[{"href":"https:\/\/achtsam-sorgsam.ch\/index.php?rest_route=\/wp\/v2\/types\/page"}],"author":[{"embeddable":true,"href":"https:\/\/achtsam-sorgsam.ch\/index.php?rest_route=\/wp\/v2\/users\/3"}],"replies":[{"embeddable":true,"href":"https:\/\/achtsam-sorgsam.ch\/index.php?rest_route=%2Fwp%2Fv2%2Fcomments&post=98"}],"version-history":[{"count":38,"href":"https:\/\/achtsam-sorgsam.ch\/index.php?rest_route=\/wp\/v2\/pages\/98\/revisions"}],"predecessor-version":[{"id":1605,"href":"https:\/\/achtsam-sorgsam.ch\/index.php?rest_route=\/wp\/v2\/pages\/98\/revisions\/1605"}],"up":[{"embeddable":true,"href":"https:\/\/achtsam-sorgsam.ch\/index.php?rest_route=\/wp\/v2\/pages\/10"}],"wp:attachment":[{"href":"https:\/\/achtsam-sorgsam.ch\/index.php?rest_route=%2Fwp%2Fv2%2Fmedia&parent=98"}],"curies":[{"name":"wp","href":"https:\/\/api.w.org\/{rel}","templated":true}]}}